{"id":3122,"date":"2022-05-30T11:36:44","date_gmt":"2022-05-30T11:36:44","guid":{"rendered":"https:\/\/lenito.se\/boka-demo\/"},"modified":"2022-05-30T11:36:44","modified_gmt":"2022-05-30T11:36:44","slug":"boka-demo","status":"publish","type":"page","link":"https:\/\/lenito.se\/en\/boka-demo\/","title":{"rendered":"Boka demo"},"content":{"rendered":"\n<div class=\"wp-block-group alignfull has-light-blue-background-color has-background is-layout-flow wp-block-group-is-layout-flow\">\n<div class=\"wp-block-group form-book-group is-layout-constrained wp-block-group-is-layout-constrained\">\n<div aria-hidden=\"true\" class=\"wp-block-fsb-flexible-spacer fsb-flexible-spacer\"><div class=\"fsb-flexible-spacer__device fsb-flexible-spacer__device--lg\" style=\"height:80px\"><\/div><div class=\"fsb-flexible-spacer__device fsb-flexible-spacer__device--md\" style=\"height:50px\"><\/div><div class=\"fsb-flexible-spacer__device fsb-flexible-spacer__device--sm\" style=\"height:1px\"><\/div><\/div>\n\n\n\n<div class=\"wp-block-columns form-book-cols is-layout-flex wp-container-core-columns-is-layout-04fa3f86 wp-block-columns-is-layout-flex\">\n<div class=\"wp-block-column is-vertically-aligned-center is-layout-flow wp-container-core-column-is-layout-47e5a185 wp-block-column-is-layout-flow\" style=\"flex-basis:45%\">\n<h1 class=\"has-xxx-large-font-size wp-block-heading\" style=\"font-style:normal;font-weight:600;line-height:1.2\">Boka demo f\u00f6r att se enkelheten i <br>Lenito Securemail<\/h1>\n\n\n\n<div aria-hidden=\"true\" class=\"wp-block-fsb-flexible-spacer fsb-flexible-spacer\"><div class=\"fsb-flexible-spacer__device fsb-flexible-spacer__device--lg\" style=\"height:25px\"><\/div><div class=\"fsb-flexible-spacer__device fsb-flexible-spacer__device--md\" style=\"height:25px\"><\/div><div class=\"fsb-flexible-spacer__device fsb-flexible-spacer__device--sm\" style=\"height:25px\"><\/div><\/div>\n\n\n\n<p class=\"has-dark-gray-color has-text-color has-small-font-size\" style=\"font-style:normal;font-weight:500\">Fyll i kontaktformul\u00e4ret intill s\u00e5 kommer en av v\u00e5ra medarbetare att kontakta er f\u00f6r att boka in en demo d\u00e4r vi kommer att presentera v\u00e5ra tj\u00e4nster och visa hur enkelt det \u00e4r att skicka k\u00e4nslig information via er vanliga e-postklient. Ta \u00e4ven chansen att st\u00e4lla fr\u00e5gor. Vi ser fram emot att h\u00f6ra fr\u00e5n er.<\/p>\n\n\n\n<div aria-hidden=\"true\" class=\"wp-block-fsb-flexible-spacer fsb-flexible-spacer\"><div class=\"fsb-flexible-spacer__device fsb-flexible-spacer__device--lg\" style=\"height:40px\"><\/div><div class=\"fsb-flexible-spacer__device fsb-flexible-spacer__device--md\" style=\"height:40px\"><\/div><div class=\"fsb-flexible-spacer__device fsb-flexible-spacer__device--sm\" style=\"height:40px\"><\/div><\/div>\n\n\n\n<div class=\"wp-block-group check-icons is-layout-flow wp-container-core-group-is-layout-29333b1a wp-block-group-is-layout-flow\">\n<div class=\"wp-block-group is-nowrap is-layout-flex wp-container-core-group-is-layout-baabe226 wp-block-group-is-layout-flex\">\n<figure class=\"wp-block-image size-full is-resized\"><img loading=\"lazy\" decoding=\"async\" src=\"https:\/\/lenito.se\/wp-content\/uploads\/2022\/06\/check-icon-1.svg\" alt=\"\" class=\"wp-image-1011\" width=\"18\" height=\"18\"\/><\/figure>\n\n\n\n<p class=\"has-small-font-size\" style=\"font-style:normal;font-weight:500\">GDPR-s\u00e4kra tj\u00e4nster<\/p>\n<\/div>\n\n\n\n<div class=\"wp-block-group is-nowrap is-layout-flex wp-container-core-group-is-layout-baabe226 wp-block-group-is-layout-flex\">\n<figure class=\"wp-block-image size-full is-resized\"><img loading=\"lazy\" decoding=\"async\" src=\"https:\/\/lenito.se\/wp-content\/uploads\/2022\/06\/check-icon-1.svg\" alt=\"\" class=\"wp-image-1011\" width=\"18\" height=\"18\"\/><\/figure>\n\n\n\n<p class=\"has-small-font-size\" style=\"font-style:normal;font-weight:500\">Kr\u00e4ver ingen programvara eller utbildning<\/p>\n<\/div>\n\n\n\n<div class=\"wp-block-group is-nowrap is-layout-flex wp-container-core-group-is-layout-baabe226 wp-block-group-is-layout-flex\">\n<figure class=\"wp-block-image size-full is-resized\"><img loading=\"lazy\" decoding=\"async\" src=\"https:\/\/lenito.se\/wp-content\/uploads\/2022\/06\/check-icon-1.svg\" alt=\"\" class=\"wp-image-1011\" width=\"18\" height=\"18\"\/><\/figure>\n\n\n\n<p class=\"has-small-font-size\" style=\"font-style:normal;font-weight:500\">Ers\u00e4tter vanliga och rekommenderade brev<\/p>\n<\/div>\n\n\n\n<div class=\"wp-block-group is-nowrap is-layout-flex wp-container-core-group-is-layout-baabe226 wp-block-group-is-layout-flex\">\n<figure class=\"wp-block-image size-full is-resized\"><img loading=\"lazy\" decoding=\"async\" src=\"https:\/\/lenito.se\/wp-content\/uploads\/2022\/06\/check-icon-1.svg\" alt=\"\" class=\"wp-image-1011\" width=\"18\" height=\"18\"\/><\/figure>\n\n\n\n<p class=\"has-small-font-size\" style=\"font-style:normal;font-weight:500\">Prisv\u00e4rd<\/p>\n<\/div>\n<\/div>\n<\/div>\n\n\n\n<div class=\"wp-block-column is-layout-flow wp-block-column-is-layout-flow\" style=\"flex-basis:45%\">\n<div class=\"wp-block-group form-box is-layout-flow wp-container-core-group-is-layout-47e5a185 wp-block-group-is-layout-flow\" style=\"border-radius:15px\">\n<div class=\"wp-block-group has-white-background-color has-background is-layout-flow wp-block-group-is-layout-flow\" style=\"border-radius:15px\"><div class=\"wpforms-container wpforms-container-full wpforms-block\" id=\"wpforms-2427\"><form id=\"wpforms-form-2427\" class=\"wpforms-validate wpforms-form wpforms-ajax-form\" data-formid=\"2427\" method=\"post\" enctype=\"multipart\/form-data\" action=\"\/en\/wp-json\/wp\/v2\/pages\/3122\" data-token=\"2f66cccf6b940a207466878986c3787b\" data-token-time=\"1778757565\"><noscript class=\"wpforms-error-noscript\">Please enable JavaScript in your browser to complete this form.<\/noscript><div class=\"wpforms-field-container\"><div id=\"wpforms-2427-field_2-container\" class=\"wpforms-field wpforms-field-name\" data-field-id=\"2\"><label class=\"wpforms-field-label\" for=\"wpforms-2427-field_2\">Namn <span class=\"wpforms-required-label\">*<\/span><\/label><div class=\"wpforms-field-row wpforms-field-large\"><div class=\"wpforms-field-row-block wpforms-first wpforms-one-half\"><input type=\"text\" id=\"wpforms-2427-field_2\" class=\"wpforms-field-name-first wpforms-field-required\" name=\"wpforms[fields][2][first]\" placeholder=\"F\u00f6rnamn\" required><label for=\"wpforms-2427-field_2\" class=\"wpforms-field-sublabel after wpforms-sublabel-hide\">First<\/label><\/div><div class=\"wpforms-field-row-block wpforms-one-half\"><input type=\"text\" id=\"wpforms-2427-field_2-last\" class=\"wpforms-field-name-last wpforms-field-required\" name=\"wpforms[fields][2][last]\" placeholder=\"Efternamn\" required><label for=\"wpforms-2427-field_2-last\" class=\"wpforms-field-sublabel after wpforms-sublabel-hide\">Last<\/label><\/div><\/div><\/div><div id=\"wpforms-2427-field_3-container\" class=\"wpforms-field wpforms-field-email\" data-field-id=\"3\"><label class=\"wpforms-field-label\" for=\"wpforms-2427-field_3\">E-post <span class=\"wpforms-required-label\">*<\/span><\/label><input type=\"email\" id=\"wpforms-2427-field_3\" class=\"wpforms-field-large wpforms-field-required\" name=\"wpforms[fields][3]\" placeholder=\"E-post\" spellcheck=\"false\" required><\/div><div id=\"wpforms-2427-field_6-container\" class=\"wpforms-field wpforms-field-select wpforms-field-select-style-classic\" data-field-id=\"6\"><label class=\"wpforms-field-label\" for=\"wpforms-2427-field_6\">Varf\u00f6r \u00e4r du intresserad av att anv\u00e4nda Lenito? <span class=\"wpforms-required-label\">*<\/span><\/label><select id=\"wpforms-2427-field_6\" class=\"wpforms-field-large wpforms-field-required\" name=\"wpforms[fields][6]\" required=\"required\"><option value=\"\" class=\"placeholder\" disabled  selected='selected'>V\u00e4lj<\/option><option value=\"B\u00e4ttre s\u00e4kerhet\"  class=\"choice-1 depth-1\"  >B\u00e4ttre s\u00e4kerhet<\/option><option value=\"Verkar enkelt att anv\u00e4nda\"  class=\"choice-2 depth-1\"  >Verkar enkelt att anv\u00e4nda<\/option><\/select><\/div><div id=\"wpforms-2427-field_5-container\" class=\"wpforms-field wpforms-field-select wpforms-field-select-style-classic\" data-field-id=\"5\"><label class=\"wpforms-field-label\" for=\"wpforms-2427-field_5\">Hur fick du h\u00f6ra om oss? <span class=\"wpforms-required-label\">*<\/span><\/label><select id=\"wpforms-2427-field_5\" class=\"wpforms-field-large wpforms-field-required\" name=\"wpforms[fields][5]\" required=\"required\"><option value=\"\" class=\"placeholder\" disabled  selected='selected'>V\u00e4lj<\/option><option value=\"Rekommendation\"  class=\"choice-3 depth-1\"  >Rekommendation<\/option><option value=\"Google\"  class=\"choice-1 depth-1\"  >Google<\/option><option value=\"Sociala medier\"  class=\"choice-4 depth-1\"  >Sociala medier<\/option><option value=\"Forum\"  class=\"choice-2 depth-1\"  >Forum<\/option><\/select><\/div><div id=\"wpforms-2427-field_7-container\" class=\"wpforms-field wpforms-field-hidden\" data-field-id=\"7\"><input type=\"hidden\" id=\"wpforms-2427-field_7\" name=\"wpforms[fields][7]\" value=\"216.73.216.245\"><\/div><\/div><!-- .wpforms-field-container --><div class=\"wpforms-recaptcha-container wpforms-is-recaptcha wpforms-is-recaptcha-type-v2\" ><div class=\"g-recaptcha\" data-sitekey=\"6LehynIjAAAAAFyZrBjtMxZWp-ylVFWbTYoNY1vB\"><\/div><input type=\"text\" name=\"g-recaptcha-hidden\" class=\"wpforms-recaptcha-hidden\" style=\"position:absolute!important;clip:rect(0,0,0,0)!important;height:1px!important;width:1px!important;border:0!important;overflow:hidden!important;padding:0!important;margin:0!important;\" data-rule-recaptcha=\"1\"><\/div><div class=\"wpforms-submit-container\" ><input type=\"hidden\" name=\"wpforms[id]\" value=\"2427\"><input type=\"hidden\" name=\"page_title\" value=\"\"><input type=\"hidden\" name=\"page_url\" value=\"https:\/\/lenito.se\/en\/wp-json\/wp\/v2\/pages\/3122\"><input type=\"hidden\" name=\"url_referer\" value=\"\"><button type=\"submit\" name=\"wpforms[submit]\" id=\"wpforms-submit-2427\" class=\"wpforms-submit\" data-alt-text=\"S\u00e4nder...\" data-submit-text=\"Skicka\" aria-live=\"assertive\" value=\"wpforms-submit\">Skicka<\/button><img loading=\"lazy\" decoding=\"async\" src=\"https:\/\/lenito.se\/wp-content\/plugins\/wpforms\/assets\/images\/submit-spin.svg\" class=\"wpforms-submit-spinner\" style=\"display: none;\" width=\"26\" height=\"26\" alt=\"Loading\"><\/div><\/form><\/div>  <!-- .wpforms-container --><\/div>\n<\/div>\n<\/div>\n<\/div>\n\n\n\n<div class=\"wp-block-group is-layout-flow wp-container-core-group-is-layout-f1988915 wp-block-group-is-layout-flow\">\n<div aria-hidden=\"true\" class=\"wp-block-fsb-flexible-spacer fsb-flexible-spacer\"><div class=\"fsb-flexible-spacer__device fsb-flexible-spacer__device--lg\" style=\"height:110px\"><\/div><div class=\"fsb-flexible-spacer__device fsb-flexible-spacer__device--md\" style=\"height:70px\"><\/div><div class=\"fsb-flexible-spacer__device fsb-flexible-spacer__device--sm\" style=\"height:40px\"><\/div><\/div>\n\n\n\n<div class=\"wp-block-group is-layout-flow wp-block-group-is-layout-flow\">\n<h2 class=\"has-text-align-center wp-block-heading\" style=\"font-style:normal;font-weight:600\">Trusted by<\/h2>\n\n\n\n<div aria-hidden=\"true\" class=\"wp-block-fsb-flexible-spacer fsb-flexible-spacer\"><div class=\"fsb-flexible-spacer__device fsb-flexible-spacer__device--lg\" style=\"height:10px\"><\/div><div class=\"fsb-flexible-spacer__device fsb-flexible-spacer__device--md\" style=\"height:10px\"><\/div><div class=\"fsb-flexible-spacer__device fsb-flexible-spacer__device--sm\" style=\"height:10px\"><\/div><\/div>\n\n\n\n<div class=\"wp-block-group logo-row is-layout-flex wp-container-core-group-is-layout-55d5048b wp-block-group-is-layout-flex\">\n<figure class=\"wp-block-image size-full is-resized no-lightbox\"><a href=\"http:\/\/www.halsohuset.se\/\" target=\"_blank\" rel=\"noreferrer noopener nofollow\"><img loading=\"lazy\" decoding=\"async\" src=\"https:\/\/lenito.se\/wp-content\/uploads\/2022\/09\/logo-1-e1664187811499.png\" alt=\"\" class=\"wp-image-2321\" width=\"193\" height=\"102\" srcset=\"https:\/\/lenito.se\/wp-content\/uploads\/2022\/09\/logo-1-e1664187811499.png 386w, https:\/\/lenito.se\/wp-content\/uploads\/2022\/09\/logo-1-e1664187811499-300x159.png 300w\" sizes=\"auto, (max-width: 193px) 100vw, 193px\" \/><\/a><\/figure>\n\n\n\n<figure class=\"wp-block-image size-full is-resized no-lightbox\"><a href=\"http:\/\/www.patia.se\/\" target=\"_blank\" rel=\"noreferrer noopener nofollow\"><img loading=\"lazy\" decoding=\"async\" src=\"https:\/\/lenito.se\/wp-content\/uploads\/2022\/09\/patia_logo_rgb_800px.webp\" alt=\"\" class=\"wp-image-2324\" width=\"173\" height=\"84\" srcset=\"https:\/\/lenito.se\/wp-content\/uploads\/2022\/09\/patia_logo_rgb_800px.webp 346w, https:\/\/lenito.se\/wp-content\/uploads\/2022\/09\/patia_logo_rgb_800px-300x146.webp 300w\" sizes=\"auto, (max-width: 173px) 100vw, 173px\" \/><\/a><\/figure>\n\n\n\n<figure class=\"wp-block-image size-full is-resized no-lightbox\" style=\"mix-blend-mode: multiply\"><a href=\"http:\/\/www.apelgarden.com\/\" rel=\"noreferrer noopener nofollow\" target=\"_blank\"><img loading=\"lazy\" decoding=\"async\" src=\"https:\/\/lenito.se\/wp-content\/uploads\/2022\/09\/ApelgardensHVB-Logga-2.svg\" alt=\"\" class=\"wp-image-2322\" width=\"193\" height=\"123\"><\/a><\/figure>\n\n\n\n<figure class=\"wp-block-image size-full is-resized no-lightbox\"><a href=\"https:\/\/www.pkh.no\/\" target=\"_blank\" rel=\"noreferrer noopener nofollow\"><img loading=\"lazy\" decoding=\"async\" src=\"https:\/\/lenito.se\/wp-content\/uploads\/2022\/09\/NavbarLogo-1.png\" alt=\"\" class=\"wp-image-2323\" width=\"213\" height=\"37\" srcset=\"https:\/\/lenito.se\/wp-content\/uploads\/2022\/09\/NavbarLogo-1.png 425w, https:\/\/lenito.se\/wp-content\/uploads\/2022\/09\/NavbarLogo-1-300x52.png 300w\" sizes=\"auto, (max-width: 213px) 100vw, 213px\" \/><\/a><\/figure>\n<\/div>\n\n\n\n<div aria-hidden=\"true\" class=\"wp-block-fsb-flexible-spacer fsb-flexible-spacer\"><div class=\"fsb-flexible-spacer__device fsb-flexible-spacer__device--lg\" style=\"height:100px\"><\/div><div class=\"fsb-flexible-spacer__device fsb-flexible-spacer__device--md\" style=\"height:80px\"><\/div><div class=\"fsb-flexible-spacer__device fsb-flexible-spacer__device--sm\" style=\"height:60px\"><\/div><\/div>\n<\/div>\n\n\n\n<div aria-hidden=\"true\" class=\"wp-block-fsb-flexible-spacer fsb-flexible-spacer\"><div class=\"fsb-flexible-spacer__device fsb-flexible-spacer__device--lg\" style=\"margin-bottom:-80px\"><\/div><div class=\"fsb-flexible-spacer__device fsb-flexible-spacer__device--md\" style=\"margin-bottom:-80px\"><\/div><div class=\"fsb-flexible-spacer__device fsb-flexible-spacer__device--sm\" style=\"margin-bottom:-80px\"><\/div><\/div>\n<\/div>\n<\/div>\n<\/div>\n","protected":false},"excerpt":{"rendered":"<p>Boka demo f\u00f6r att se enkelheten i Lenito Securemail Fyll i kontaktformul\u00e4ret intill s\u00e5 kommer en av v\u00e5ra medarbetare att kontakta er f\u00f6r att boka in en demo d\u00e4r vi kommer att presentera v\u00e5ra tj\u00e4nster och visa hur enkelt det \u00e4r att skicka k\u00e4nslig information via er vanliga e-postklient. Ta \u00e4ven chansen att st\u00e4lla fr\u00e5gor. [&hellip;]<\/p>\n","protected":false},"author":1,"featured_media":0,"parent":0,"menu_order":0,"comment_status":"closed","ping_status":"closed","template":"wp-custom-template-colored-header","meta":{"_acf_changed":false,"footnotes":""},"class_list":["post-3122","page","type-page","status-publish","hentry"],"acf":[],"_links":{"self":[{"href":"https:\/\/lenito.se\/en\/wp-json\/wp\/v2\/pages\/3122","targetHints":{"allow":["GET"]}}],"collection":[{"href":"https:\/\/lenito.se\/en\/wp-json\/wp\/v2\/pages"}],"about":[{"href":"https:\/\/lenito.se\/en\/wp-json\/wp\/v2\/types\/page"}],"author":[{"embeddable":true,"href":"https:\/\/lenito.se\/en\/wp-json\/wp\/v2\/users\/1"}],"replies":[{"embeddable":true,"href":"https:\/\/lenito.se\/en\/wp-json\/wp\/v2\/comments?post=3122"}],"version-history":[{"count":0,"href":"https:\/\/lenito.se\/en\/wp-json\/wp\/v2\/pages\/3122\/revisions"}],"wp:attachment":[{"href":"https:\/\/lenito.se\/en\/wp-json\/wp\/v2\/media?parent=3122"}],"curies":[{"name":"wp","href":"https:\/\/api.w.org\/{rel}","templated":true}]}}