{"id":3119,"date":"2022-05-30T11:37:31","date_gmt":"2022-05-30T11:37:31","guid":{"rendered":"https:\/\/lenito.se\/referenser\/"},"modified":"2025-01-07T16:13:22","modified_gmt":"2025-01-07T16:13:22","slug":"referenser-2-7","status":"publish","type":"page","link":"https:\/\/lenito.se\/en\/referenser-2-7\/","title":{"rendered":"Referenser"},"content":{"rendered":"\n<div class=\"wp-block-group alignfull hero-section has-light-sand-background-color has-background is-layout-flow wp-block-group-is-layout-flow\">\n<div class=\"wp-block-group is-layout-constrained wp-block-group-is-layout-constrained\">\n<div aria-hidden=\"true\" class=\"wp-block-fsb-flexible-spacer fsb-flexible-spacer\"><div class=\"fsb-flexible-spacer__device fsb-flexible-spacer__device--lg\" style=\"height:60px\"><\/div><div class=\"fsb-flexible-spacer__device fsb-flexible-spacer__device--md\" style=\"height:50px\"><\/div><div class=\"fsb-flexible-spacer__device fsb-flexible-spacer__device--sm\" style=\"height:1px\"><\/div><\/div>\n\n\n\n<div class=\"wp-block-columns form-book-cols is-layout-flex wp-container-core-columns-is-layout-04fa3f86 wp-block-columns-is-layout-flex\">\n<div class=\"wp-block-column is-vertically-aligned-center is-layout-flow wp-container-core-column-is-layout-47e5a185 wp-block-column-is-layout-flow\" style=\"flex-basis:45%\">\n<h1 class=\"wp-block-heading has-xxx-large-font-size\" style=\"font-style:normal;font-weight:600;line-height:1.2\">Vad kunderna s\u00e4ger<\/h1>\n\n\n\n<div aria-hidden=\"true\" class=\"wp-block-fsb-flexible-spacer fsb-flexible-spacer\"><div class=\"fsb-flexible-spacer__device fsb-flexible-spacer__device--lg\" style=\"height:25px\"><\/div><div class=\"fsb-flexible-spacer__device fsb-flexible-spacer__device--md\" style=\"height:25px\"><\/div><div class=\"fsb-flexible-spacer__device fsb-flexible-spacer__device--sm\" style=\"height:25px\"><\/div><\/div>\n\n\n\n<p class=\"has-dark-gray-color has-text-color has-small-font-size\" style=\"font-style:normal;font-weight:500\">Vi har alltid satt kunden f\u00f6rst. D\u00e4rf\u00f6r jobbar vi st\u00e4ndigt med att f\u00f6rb\u00e4ttra produkten och g\u00f6ra den l\u00e4ttare att anv\u00e4nda. L\u00e4s vad v\u00e5ra kunder har att s\u00e4ga om v\u00e5r produkt.<\/p>\n\n\n\n<div aria-hidden=\"true\" class=\"wp-block-fsb-flexible-spacer fsb-flexible-spacer\"><div class=\"fsb-flexible-spacer__device fsb-flexible-spacer__device--lg\" style=\"height:40px\"><\/div><div class=\"fsb-flexible-spacer__device fsb-flexible-spacer__device--md\" style=\"height:40px\"><\/div><div class=\"fsb-flexible-spacer__device fsb-flexible-spacer__device--sm\" style=\"height:40px\"><\/div><\/div>\n\n\n\n<div class=\"wp-block-buttons is-layout-flex wp-block-buttons-is-layout-flex\">\n<div class=\"wp-block-button\"><a class=\"wp-block-button__link wp-element-button\" href=\"https:\/\/lenito.se\/en\/boka-demo\/\">Boka demo<\/a><\/div>\n\n\n\n<div class=\"wp-block-button\"><a class=\"wp-block-button__link wp-element-button\" href=\"https:\/\/lenito.se\/en\/begar-offert\/\">Beg\u00e4r offert<\/a><\/div>\n<\/div>\n<\/div>\n\n\n\n<div class=\"wp-block-column is-layout-flow wp-block-column-is-layout-flow\" style=\"flex-basis:45%\">\n<div class=\"wp-block-group is-content-justification-center is-nowrap is-layout-flex wp-container-core-group-is-layout-23441af8 wp-block-group-is-layout-flex\">\n<figure class=\"wp-block-image size-full is-resized\"><img decoding=\"async\" src=\"https:\/\/lenito.se\/wp-content\/uploads\/2022\/09\/undraw_happy_announcement_re_tsm0.svg\" alt=\"\" class=\"wp-image-2231\" style=\"width:380px;height:380px\"\/><\/figure>\n<\/div>\n<\/div>\n<\/div>\n\n\n\n<div aria-hidden=\"true\" class=\"wp-block-fsb-flexible-spacer fsb-flexible-spacer\"><div class=\"fsb-flexible-spacer__device fsb-flexible-spacer__device--lg\" style=\"height:80px\"><\/div><div class=\"fsb-flexible-spacer__device fsb-flexible-spacer__device--md\" style=\"height:60px\"><\/div><div class=\"fsb-flexible-spacer__device fsb-flexible-spacer__device--sm\" style=\"height:30px\"><\/div><\/div>\n<\/div>\n<\/div>\n\n\n\n<div class=\"wp-block-group is-layout-constrained wp-container-core-group-is-layout-111b2e00 wp-block-group-is-layout-constrained\">\n<div aria-hidden=\"true\" class=\"wp-block-fsb-flexible-spacer fsb-flexible-spacer referenser\"><div class=\"fsb-flexible-spacer__device fsb-flexible-spacer__device--lg\" style=\"height:100px\"><\/div><div class=\"fsb-flexible-spacer__device fsb-flexible-spacer__device--md\" style=\"height:100px\"><\/div><div class=\"fsb-flexible-spacer__device fsb-flexible-spacer__device--sm\" style=\"height:100px\"><\/div><\/div>\n\n\n\n<div class=\"wp-block-columns reference-row is-layout-flex wp-container-core-columns-is-layout-28f84493 wp-block-columns-is-layout-flex\">\n<div class=\"wp-block-column is-layout-flow wp-block-column-is-layout-flow\">\n<div class=\"wp-block-group reference-box is-layout-flow wp-container-core-group-is-layout-3ca914a4 wp-block-group-is-layout-flow\">\n<p class=\"has-dark-gray-color has-text-color has-small-font-size\" style=\"font-style:normal;font-weight:500\">Vi beh\u00f6vde en leverant\u00f6r av s\u00e4kert mail d\u00e5 vi ofta skickar k\u00e4nslig information. Valet hamnade p\u00e5 Lenito, d\u00e4r Toni var v\u00e4ldigt serviceinriktad och l\u00f6ste alla v\u00e5ra funderingar p\u00e5 ett snabbt och smidigt s\u00e4tt.<\/p>\n\n\n\n<p class=\"has-text-align-center has-small-font-size\"><strong>Svante Bodin<\/strong><br>Styrelseledamot, H\u00e4lsohuset i Enk\u00f6ping AB<\/p>\n\n\n\n<figure class=\"wp-block-image aligncenter size-full is-resized\"><a href=\"http:\/\/www.halsohuset.se\/\" target=\"_blank\" rel=\"noreferrer noopener nofollow\"><img loading=\"lazy\" decoding=\"async\" width=\"381\" height=\"246\" src=\"https:\/\/lenito.se\/wp-content\/uploads\/2022\/09\/image001-1-e1664092430968.png\" alt=\"\" class=\"wp-image-2311\" style=\"width:157px;height:101px\" srcset=\"https:\/\/lenito.se\/wp-content\/uploads\/2022\/09\/image001-1-e1664092430968.png 381w, https:\/\/lenito.se\/wp-content\/uploads\/2022\/09\/image001-1-e1664092430968-300x194.png 300w\" sizes=\"auto, (max-width: 381px) 100vw, 381px\" \/><\/a><\/figure>\n<\/div>\n<\/div>\n\n\n\n<div class=\"wp-block-column is-layout-flow wp-block-column-is-layout-flow\">\n<div class=\"wp-block-group reference-box is-layout-flow wp-container-core-group-is-layout-3ca914a4 wp-block-group-is-layout-flow\">\n<p class=\"expandable-text has-dark-gray-color has-text-color has-small-font-size\" style=\"font-style:normal;font-weight:500\">F\u00f6r ungef\u00e4r ett \u00e5r sedan fick vi veta att v\u00e5r fasta telefon\/fax skulle upph\u00f6ra.&nbsp;Fax f\u00f6redras av m\u00e5nga kommuner f\u00f6r s\u00e4ker \u00f6verf\u00f6ring av k\u00e4nsliga personuppgifter.&nbsp;Vi b\u00f6rjade titta p\u00e5 s\u00e4ker epost och kom i kontakt med Lenito. Vi fastnade ganska snart f\u00f6r deras Securemail Full som vi nu anv\u00e4nt i snart ett \u00e5r. Tj\u00e4nsten \u00e4r enkel att anv\u00e4nda, b\u00e5de internt och externt, vi har en egen portal som \u00e4r snygg och samtidigt enkel och har inga problem att \u00f6vertyga v\u00e5ra kunder att anv\u00e4nda den f\u00f6r korrespondens med k\u00e4nsliga uppgifter. All kontakt med Lenito har dessutom varit smidig och problemfri. Rekommenderas!<\/p>\n\n\n\n<p class=\"has-text-align-center has-small-font-size\"><strong>Jan Lindvall<\/strong><br>IT-chef, Apelg\u00e5rdens HVB i Blekinge AB<\/p>\n\n\n\n<figure class=\"wp-block-image aligncenter size-full is-resized\"><a href=\"http:\/\/www.apelgarden.com\/\" target=\"_blank\" rel=\"noreferrer noopener nofollow\"><img decoding=\"async\" src=\"https:\/\/lenito.se\/wp-content\/uploads\/2022\/09\/ApelgardensHVB-Logga.svg\" alt=\"\" class=\"wp-image-2310\" style=\"width:210px;height:47px\"\/><\/a><\/figure>\n<\/div>\n<\/div>\n\n\n\n<div class=\"wp-block-column is-layout-flow wp-block-column-is-layout-flow\">\n<div class=\"wp-block-group reference-box is-layout-flow wp-container-core-group-is-layout-3ca914a4 wp-block-group-is-layout-flow\">\n<p class=\"has-small-font-size\">F\u00f6r PKH \u00e4r s\u00e4ker e-post en viktig  s\u00e4kerhets\u00e5tg\u00e4rd i v\u00e5r pensionsprocess, d\u00e4r vi m\u00e5ste ha en dialog och kommunikation med medlemmar, och andra akt\u00f6rer d\u00e4r k\u00e4nslig information ing\u00e5r.<br>Securemail Full g\u00f6r v\u00e5rt dagliga arbete mer flexibelt och tryggt, vilket bidrar till \u00f6kat f\u00f6rtroende, \u00f6kad flexibilitet och god service.<\/p>\n\n\n\n<p class=\"has-text-align-center has-small-font-size\"><strong>Geir Ystgaard Larsen<br><\/strong>Avdelningschef Pension, PKH<\/p>\n\n\n\n<figure class=\"wp-block-image aligncenter size-full is-resized\"><a href=\"https:\/\/www.pkh.no\/\" target=\"_blank\" rel=\"noreferrer noopener nofollow\"><img loading=\"lazy\" decoding=\"async\" width=\"425\" height=\"74\" src=\"https:\/\/lenito.se\/wp-content\/uploads\/2022\/09\/NavbarLogo.png\" alt=\"\" class=\"wp-image-2313\" style=\"width:196px;height:33px\" srcset=\"https:\/\/lenito.se\/wp-content\/uploads\/2022\/09\/NavbarLogo.png 425w, https:\/\/lenito.se\/wp-content\/uploads\/2022\/09\/NavbarLogo-300x52.png 300w\" sizes=\"auto, (max-width: 425px) 100vw, 425px\" \/><\/a><\/figure>\n<\/div>\n<\/div>\n<\/div>\n\n\n\n<div aria-hidden=\"true\" class=\"wp-block-fsb-flexible-spacer fsb-flexible-spacer\"><div class=\"fsb-flexible-spacer__device fsb-flexible-spacer__device--lg\" style=\"height:60px\"><\/div><div class=\"fsb-flexible-spacer__device fsb-flexible-spacer__device--md\" style=\"height:40px\"><\/div><div class=\"fsb-flexible-spacer__device fsb-flexible-spacer__device--sm\" style=\"height:30px\"><\/div><\/div>\n\n\n\n<div class=\"wp-block-columns reference-row is-layout-flex wp-container-core-columns-is-layout-28f84493 wp-block-columns-is-layout-flex\">\n<div class=\"wp-block-column is-layout-flow wp-block-column-is-layout-flow\">\n<div class=\"wp-block-group reference-box is-layout-flow wp-container-core-group-is-layout-3ca914a4 wp-block-group-is-layout-flow\">\n<p class=\"has-dark-gray-color has-text-color has-small-font-size\" style=\"font-style:normal;font-weight:500\">Vi beh\u00f6vde en tj\u00e4nst f\u00f6r att kunna skicka resultatanalyser och annan k\u00e4nslig information via e-post. Lenito ersatte v\u00e5r tidigare tj\u00e4nst som gjorde att vi sparade in halva kostnaden. Vi slipper dessutom l\u00e4ra oss ett nytt system och kan forts\u00e4tta jobba som tidigare, Lenito rekommenderas starkt!<\/p>\n\n\n\n<p class=\"has-text-align-center has-small-font-size\"><strong>Victor \u00d6stling<\/strong><br>Produktansvarig, Workly AB<\/p>\n\n\n\n<figure class=\"wp-block-image aligncenter size-medium is-resized\"><a href=\"https:\/\/worklygroup.com\" target=\"_blank\" rel=\"noreferrer noopener nofollow\"><img loading=\"lazy\" decoding=\"async\" width=\"300\" height=\"94\" src=\"https:\/\/lenito.se\/wp-content\/uploads\/2022\/11\/workly_rgb_horizontal-300x94.png\" alt=\"\" class=\"wp-image-3254\" style=\"width:196px\" srcset=\"https:\/\/lenito.se\/wp-content\/uploads\/2022\/11\/workly_rgb_horizontal-300x94.png 300w, https:\/\/lenito.se\/wp-content\/uploads\/2022\/11\/workly_rgb_horizontal-1024x320.png 1024w, https:\/\/lenito.se\/wp-content\/uploads\/2022\/11\/workly_rgb_horizontal-768x240.png 768w, https:\/\/lenito.se\/wp-content\/uploads\/2022\/11\/workly_rgb_horizontal.png 1200w\" sizes=\"auto, (max-width: 300px) 100vw, 300px\" \/><\/a><\/figure>\n<\/div>\n<\/div>\n\n\n\n<div class=\"wp-block-column is-layout-flow wp-block-column-is-layout-flow\">\n<div class=\"wp-block-group reference-box is-layout-flow wp-container-core-group-is-layout-3ca914a4 wp-block-group-is-layout-flow\">\n<p class=\"expandable-text has-dark-gray-color has-text-color has-small-font-size\" style=\"font-style:normal;font-weight:500\">F\u00f6r Patia inneb\u00e4r m\u00f6jligheten att kunna skicka k\u00e4nsliga personuppgifter via e-post en smidig handl\u00e4ggning vid vardagligt arbete. Securemail Full utg\u00f6r en viktig del av v\u00e5rt GDPR-arbete och bidrar till trygghet f\u00f6r v\u00e5ra anst\u00e4llda och inger f\u00f6rtroende hos v\u00e5ra motparter.<\/p>\n\n\n\n<p class=\"has-text-align-center has-small-font-size\"><strong>Daniel Tocca<\/strong><br>Styrelseledamot, Patia AB<\/p>\n\n\n\n<figure class=\"wp-block-image aligncenter size-full is-resized\"><a href=\"https:\/\/www.patia.se\" target=\"_blank\" rel=\"noreferrer noopener nofollow\"><img loading=\"lazy\" decoding=\"async\" width=\"800\" height=\"386\" src=\"https:\/\/lenito.se\/wp-content\/uploads\/2022\/11\/8e048f_4f8f81a044434e5e973d352e0a18cfe6mv2.png\" alt=\"\" class=\"wp-image-3256\" style=\"width:160px\" srcset=\"https:\/\/lenito.se\/wp-content\/uploads\/2022\/11\/8e048f_4f8f81a044434e5e973d352e0a18cfe6mv2.png 800w, https:\/\/lenito.se\/wp-content\/uploads\/2022\/11\/8e048f_4f8f81a044434e5e973d352e0a18cfe6mv2-300x145.png 300w, https:\/\/lenito.se\/wp-content\/uploads\/2022\/11\/8e048f_4f8f81a044434e5e973d352e0a18cfe6mv2-768x371.png 768w\" sizes=\"auto, (max-width: 800px) 100vw, 800px\" \/><\/a><\/figure>\n<\/div>\n<\/div>\n\n\n\n<div class=\"wp-block-column is-vertically-aligned-bottom is-layout-flow wp-block-column-is-layout-flow\">\n<div class=\"wp-block-group reference-box is-layout-flow wp-container-core-group-is-layout-3ca914a4 wp-block-group-is-layout-flow\">\n<p class=\"has-small-font-size\">I delar av v\u00e5r verksamhet har vi behov av att kunna skicka och hantera k\u00e4nslig information med h\u00f6g s\u00e4kerhet f\u00f6r ber\u00f6rda parter. Vi valde att anv\u00e4nda Lenitos tj\u00e4nst och har f\u00e5tt bra service av Toni f\u00f6r att komma ig\u00e5ng snabbt och enkelt.\u201d &#8211; Andreas Olsson, IT-ansvarig Uppsala Stadsmission<\/p>\n\n\n\n<p class=\"has-text-align-center has-small-font-size\"><strong>Andreas Olsson<\/strong><br>IT-administrat\u00f6r, Uppsala Stadsmission<\/p>\n\n\n\n<figure class=\"wp-block-image size-full is-resized\"><a href=\"https:\/\/uppsalastadsmission.se\/\" target=\"_blank\" rel=\"noreferrer noopener nofollow\"><img loading=\"lazy\" decoding=\"async\" width=\"565\" height=\"112\" src=\"https:\/\/lenito.se\/wp-content\/uploads\/2023\/01\/Uppsala-Stadsmissions-logga.png\" alt=\"\" class=\"wp-image-3510\" style=\"width:337px;height:66px\" srcset=\"https:\/\/lenito.se\/wp-content\/uploads\/2023\/01\/Uppsala-Stadsmissions-logga.png 565w, https:\/\/lenito.se\/wp-content\/uploads\/2023\/01\/Uppsala-Stadsmissions-logga-300x59.png 300w\" sizes=\"auto, (max-width: 565px) 100vw, 565px\" \/><\/a><\/figure>\n<\/div>\n<\/div>\n<\/div>\n<\/div>\n\n\n\n<div class=\"wp-block-group is-layout-constrained wp-block-group-is-layout-constrained\">\n<div aria-hidden=\"true\" class=\"wp-block-fsb-flexible-spacer fsb-flexible-spacer\"><div class=\"fsb-flexible-spacer__device fsb-flexible-spacer__device--lg\" style=\"height:60px\"><\/div><div class=\"fsb-flexible-spacer__device fsb-flexible-spacer__device--md\" style=\"height:40px\"><\/div><div class=\"fsb-flexible-spacer__device fsb-flexible-spacer__device--sm\" style=\"height:30px\"><\/div><\/div>\n\n\n\n<div class=\"wp-block-columns form-book-cols is-layout-flex wp-container-core-columns-is-layout-04fa3f86 wp-block-columns-is-layout-flex\">\n<div class=\"wp-block-column is-vertically-aligned-center is-layout-flow wp-container-core-column-is-layout-47e5a185 wp-block-column-is-layout-flow\" style=\"flex-basis:45%\">\n<h1 class=\"wp-block-heading has-xxx-large-font-size\" style=\"font-style:normal;font-weight:600;line-height:1.2\"><meta http-equiv=\"content-type\" content=\"text\/html; charset=utf-8\">Vill du veta mer? Kontakta oss!<\/h1>\n\n\n\n<div aria-hidden=\"true\" class=\"wp-block-fsb-flexible-spacer fsb-flexible-spacer\"><div class=\"fsb-flexible-spacer__device fsb-flexible-spacer__device--lg\" style=\"height:25px\"><\/div><div class=\"fsb-flexible-spacer__device fsb-flexible-spacer__device--md\" style=\"height:25px\"><\/div><div class=\"fsb-flexible-spacer__device fsb-flexible-spacer__device--sm\" style=\"height:25px\"><\/div><\/div>\n\n\n\n<p class=\"has-dark-gray-color has-text-color has-medium-font-size\" style=\"font-style:normal;font-weight:500\">Du kan n\u00e5 oss via kontaktformul\u00e4ret, e-post eller p\u00e5&nbsp;<a href=\"tel:010-2222020\"><strong>010-2222 020<\/strong><\/a>, v\u00e5ra \u00f6ppettider \u00e4r 08.00-17.00<\/p>\n\n\n\n<div aria-hidden=\"true\" class=\"wp-block-fsb-flexible-spacer fsb-flexible-spacer\"><div class=\"fsb-flexible-spacer__device fsb-flexible-spacer__device--lg\" style=\"height:40px\"><\/div><div class=\"fsb-flexible-spacer__device fsb-flexible-spacer__device--md\" style=\"height:40px\"><\/div><div class=\"fsb-flexible-spacer__device fsb-flexible-spacer__device--sm\" style=\"height:40px\"><\/div><\/div>\n\n\n<div class=\"vm-faq align compact-faq wp-block-acf-vm-faq-block\" id=\"block_892bf3ff153bbbd051999d2aa2e4e5c9\"><div class=\"vm-faq-item\"><a class=\"vm-faq-question\" href=\"#vm-faq-answer-1\" aria-expanded=\"false\" aria-controls=\"vm-faq-answer-1\"><h3 class=\"vm-faq-title\">Hur kommer man snabbast i kontakt med er?<\/h3><div class=\"vm-faq-icon\"><svg width=\"20\" height=\"20\" viewBox=\"0 0 24 24\" fill=\"none\" xmlns=\"http:\/\/www.w3.org\/2000\/svg\"><path id=\"faq-h\" d=\"M12 5V19\" stroke=\"black\" stroke-width=\"1.5\" stroke-linecap=\"round\" stroke-linejoin=\"round\"\/><path id=\"faq-w\" d=\"M5 12H19\" stroke=\"black\" stroke-width=\"1.5\" stroke-linecap=\"round\" stroke-linejoin=\"round\"\/><\/svg><\/div><\/a><div class=\"vm-faq-answer\" id=\"vm-faq-answer-1\"><p>Genom att ringa. F\u00f6redrar ni e-post kan ni r\u00e4kna p\u00e5 ett svar inom 24 timmar.<\/p>\n<\/div><\/div><div class=\"vm-faq-item\"><a class=\"vm-faq-question\" href=\"#vm-faq-answer-2\" aria-expanded=\"false\" aria-controls=\"vm-faq-answer-2\"><h3 class=\"vm-faq-title\">Uppfyller era tj\u00e4nster kraven i GDPR (Dataskyddsf\u00f6rordningen)<\/h3><div class=\"vm-faq-icon\"><svg width=\"20\" height=\"20\" viewBox=\"0 0 24 24\" fill=\"none\" xmlns=\"http:\/\/www.w3.org\/2000\/svg\"><path id=\"faq-h\" d=\"M12 5V19\" stroke=\"black\" stroke-width=\"1.5\" stroke-linecap=\"round\" stroke-linejoin=\"round\"\/><path id=\"faq-w\" d=\"M5 12H19\" stroke=\"black\" stroke-width=\"1.5\" stroke-linecap=\"round\" stroke-linejoin=\"round\"\/><\/svg><\/div><\/a><div class=\"vm-faq-answer\" id=\"vm-faq-answer-2\"><div class=\"page\" title=\"Page 3\">\n<div class=\"section\">\n<div class=\"layoutArea\">\n<div class=\"column\">\n<p>Ja, v\u00e5ra tj\u00e4nster uppfyller de krav p\u00e5 kryptering som st\u00e4lls i Dataskyddsf\u00f6rordningen (GDPR). Samma tj\u00e4nster nyttjas av en majoritet av Sveriges kommuner samt m\u00e5nga organisationer och f\u00f6retag f\u00f6r att skicka och ta emot k\u00e4nslig information.<\/p>\n<\/div>\n<\/div>\n<\/div>\n<\/div>\n<\/div><\/div><div class=\"vm-faq-item\"><a class=\"vm-faq-question\" href=\"#vm-faq-answer-3\" aria-expanded=\"false\" aria-controls=\"vm-faq-answer-3\"><h3 class=\"vm-faq-title\">Hur fort kan man b\u00f6rja anv\u00e4nda era tj\u00e4nster?<\/h3><div class=\"vm-faq-icon\"><svg width=\"20\" height=\"20\" viewBox=\"0 0 24 24\" fill=\"none\" xmlns=\"http:\/\/www.w3.org\/2000\/svg\"><path id=\"faq-h\" d=\"M12 5V19\" stroke=\"black\" stroke-width=\"1.5\" stroke-linecap=\"round\" stroke-linejoin=\"round\"\/><path id=\"faq-w\" d=\"M5 12H19\" stroke=\"black\" stroke-width=\"1.5\" stroke-linecap=\"round\" stroke-linejoin=\"round\"\/><\/svg><\/div><\/a><div class=\"vm-faq-answer\" id=\"vm-faq-answer-3\"><div class=\"page\" title=\"Page 3\">\n<div class=\"section\">\n<div class=\"layoutArea\">\n<div class=\"column\">\n<p>Fr\u00e5n att ni ing\u00e5tt ett avtal med oss tar det h\u00f6gst 24 timmar att komma ig\u00e5ng och b\u00f6rja anv\u00e4nda tj\u00e4nsten.<\/p>\n<\/div>\n<\/div>\n<\/div>\n<\/div>\n<\/div><\/div><div class=\"vm-faq-item\"><a class=\"vm-faq-question\" href=\"#vm-faq-answer-4\" aria-expanded=\"false\" aria-controls=\"vm-faq-answer-4\"><h3 class=\"vm-faq-title\">Kan era tj\u00e4nster ers\u00e4tta vanliga brev?<\/h3><div class=\"vm-faq-icon\"><svg width=\"20\" height=\"20\" viewBox=\"0 0 24 24\" fill=\"none\" xmlns=\"http:\/\/www.w3.org\/2000\/svg\"><path id=\"faq-h\" d=\"M12 5V19\" stroke=\"black\" stroke-width=\"1.5\" stroke-linecap=\"round\" stroke-linejoin=\"round\"\/><path id=\"faq-w\" d=\"M5 12H19\" stroke=\"black\" stroke-width=\"1.5\" stroke-linecap=\"round\" stroke-linejoin=\"round\"\/><\/svg><\/div><\/a><div class=\"vm-faq-answer\" id=\"vm-faq-answer-4\"><div class=\"page\" title=\"Page 3\">\n<div class=\"section\">\n<div class=\"layoutArea\">\n<div class=\"column\">\n<p>Ja, genom att anv\u00e4nda v\u00e5ra tj\u00e4nster beh\u00f6ver ni inte l\u00e4ngre skicka vanliga brev och kan p\u00e5 s\u00e5 s\u00e4tt spara in kostnader p\u00e5 administration, kuvert och frim\u00e4rken. Genom att skicka e-post med sms eller bankid-verifiering uppn\u00e5r ni en s\u00e4kerhetsniv\u00e5 motsvarande rekommenderat brev.<\/p>\n<\/div>\n<\/div>\n<\/div>\n<\/div>\n<\/div><\/div><\/div><\/div>\n\n\n\n<div class=\"wp-block-column is-layout-flow wp-block-column-is-layout-flow\" style=\"flex-basis:45%\">\n<div class=\"wp-block-group form-box is-layout-flow wp-container-core-group-is-layout-47e5a185 wp-block-group-is-layout-flow\" style=\"border-radius:15px\">\n<div class=\"wp-block-group has-white-background-color has-background is-layout-flow wp-block-group-is-layout-flow\" style=\"border-radius:15px\"><div class=\"wpforms-container wpforms-container-full wpforms-block wpforms-block-fad2a314-1429-4ee7-9d69-6925712b2ef3\" id=\"wpforms-314\"><form id=\"wpforms-form-314\" class=\"wpforms-validate wpforms-form wpforms-ajax-form\" data-formid=\"314\" method=\"post\" enctype=\"multipart\/form-data\" action=\"\/en\/wp-json\/wp\/v2\/pages\/3119\" data-token=\"11e71f27aeae8066f621d013587a4431\" data-token-time=\"1777688441\"><noscript class=\"wpforms-error-noscript\">Please enable JavaScript in your browser to complete this form.<\/noscript><div class=\"wpforms-field-container\"><div id=\"wpforms-314-field_0-container\" class=\"wpforms-field wpforms-field-name\" data-field-id=\"0\"><label class=\"wpforms-field-label\" for=\"wpforms-314-field_0\">Ditt namn <span class=\"wpforms-required-label\">*<\/span><\/label><input type=\"text\" id=\"wpforms-314-field_0\" class=\"wpforms-field-medium wpforms-field-required\" name=\"wpforms[fields][0]\" required><\/div><div id=\"wpforms-314-field_1-container\" class=\"wpforms-field wpforms-field-email\" data-field-id=\"1\"><label class=\"wpforms-field-label\" for=\"wpforms-314-field_1\">Din e-post <span class=\"wpforms-required-label\">*<\/span><\/label><input type=\"email\" id=\"wpforms-314-field_1\" class=\"wpforms-field-medium wpforms-field-required\" name=\"wpforms[fields][1]\" spellcheck=\"false\" required><\/div><div id=\"wpforms-314-field_4-container\" class=\"wpforms-field wpforms-field-number\" data-field-id=\"4\"><label class=\"wpforms-field-label\" for=\"wpforms-314-field_4\">Ditt telefonnummer<\/label><input type=\"number\" id=\"wpforms-314-field_4\" class=\"wpforms-field-medium\" name=\"wpforms[fields][4]\" step=\"any\" ><\/div><div id=\"wpforms-314-field_2-container\" class=\"wpforms-field wpforms-field-textarea\" data-field-id=\"2\"><label class=\"wpforms-field-label\" for=\"wpforms-314-field_2\">Meddelande <span class=\"wpforms-required-label\">*<\/span><\/label><textarea id=\"wpforms-314-field_2\" class=\"wpforms-field-medium wpforms-field-required\" name=\"wpforms[fields][2]\" required><\/textarea><\/div><div id=\"wpforms-314-field_5-container\" class=\"wpforms-field wpforms-field-hidden\" data-field-id=\"5\"><input type=\"hidden\" id=\"wpforms-314-field_5\" name=\"wpforms[fields][5]\" value=\"216.73.216.2\"><\/div><div id=\"wpforms-314-field_6-container\" class=\"wpforms-field wpforms-field-hidden\" data-field-id=\"6\"><input type=\"hidden\" id=\"wpforms-314-field_6\" name=\"wpforms[fields][6]\"><\/div><\/div><!-- .wpforms-field-container --><div class=\"wpforms-recaptcha-container wpforms-is-recaptcha wpforms-is-recaptcha-type-v2\" ><div class=\"g-recaptcha\" data-sitekey=\"6LehynIjAAAAAFyZrBjtMxZWp-ylVFWbTYoNY1vB\"><\/div><input type=\"text\" name=\"g-recaptcha-hidden\" class=\"wpforms-recaptcha-hidden\" style=\"position:absolute!important;clip:rect(0,0,0,0)!important;height:1px!important;width:1px!important;border:0!important;overflow:hidden!important;padding:0!important;margin:0!important;\" data-rule-recaptcha=\"1\"><\/div><div class=\"wpforms-submit-container\" ><input type=\"hidden\" name=\"wpforms[id]\" value=\"314\"><input type=\"hidden\" name=\"page_title\" value=\"\"><input type=\"hidden\" name=\"page_url\" value=\"https:\/\/lenito.se\/en\/wp-json\/wp\/v2\/pages\/3119\"><input type=\"hidden\" name=\"url_referer\" value=\"\"><button type=\"submit\" name=\"wpforms[submit]\" id=\"wpforms-submit-314\" class=\"wpforms-submit\" data-alt-text=\"S\u00e4nder...\" data-submit-text=\"Skicka\" aria-live=\"assertive\" value=\"wpforms-submit\">Skicka<\/button><img loading=\"lazy\" decoding=\"async\" src=\"https:\/\/lenito.se\/wp-content\/plugins\/wpforms\/assets\/images\/submit-spin.svg\" class=\"wpforms-submit-spinner\" style=\"display: none;\" width=\"26\" height=\"26\" alt=\"Loading\"><\/div><\/form><\/div>  <!-- .wpforms-container --><\/div>\n<\/div>\n<\/div>\n<\/div>\n<\/div>\n","protected":false},"excerpt":{"rendered":"<p>Vad kunderna s\u00e4ger Vi har alltid satt kunden f\u00f6rst. D\u00e4rf\u00f6r jobbar vi st\u00e4ndigt med att f\u00f6rb\u00e4ttra produkten och g\u00f6ra den l\u00e4ttare att anv\u00e4nda. L\u00e4s vad v\u00e5ra kunder har att s\u00e4ga om v\u00e5r produkt. Vi beh\u00f6vde en leverant\u00f6r av s\u00e4kert mail d\u00e5 vi ofta skickar k\u00e4nslig information. Valet hamnade p\u00e5 Lenito, d\u00e4r Toni var v\u00e4ldigt serviceinriktad [&hellip;]<\/p>\n","protected":false},"author":1,"featured_media":0,"parent":0,"menu_order":0,"comment_status":"closed","ping_status":"closed","template":"wp-custom-template-wide-layout-colored-header","meta":{"_acf_changed":false,"footnotes":""},"class_list":["post-3119","page","type-page","status-publish","hentry"],"acf":[],"_links":{"self":[{"href":"https:\/\/lenito.se\/en\/wp-json\/wp\/v2\/pages\/3119","targetHints":{"allow":["GET"]}}],"collection":[{"href":"https:\/\/lenito.se\/en\/wp-json\/wp\/v2\/pages"}],"about":[{"href":"https:\/\/lenito.se\/en\/wp-json\/wp\/v2\/types\/page"}],"author":[{"embeddable":true,"href":"https:\/\/lenito.se\/en\/wp-json\/wp\/v2\/users\/1"}],"replies":[{"embeddable":true,"href":"https:\/\/lenito.se\/en\/wp-json\/wp\/v2\/comments?post=3119"}],"version-history":[{"count":4,"href":"https:\/\/lenito.se\/en\/wp-json\/wp\/v2\/pages\/3119\/revisions"}],"predecessor-version":[{"id":4062,"href":"https:\/\/lenito.se\/en\/wp-json\/wp\/v2\/pages\/3119\/revisions\/4062"}],"wp:attachment":[{"href":"https:\/\/lenito.se\/en\/wp-json\/wp\/v2\/media?parent=3119"}],"curies":[{"name":"wp","href":"https:\/\/api.w.org\/{rel}","templated":true}]}}