{"id":3108,"date":"2022-06-13T11:41:01","date_gmt":"2022-06-13T11:41:01","guid":{"rendered":"https:\/\/lenito.se\/partners\/"},"modified":"2022-06-13T11:41:01","modified_gmt":"2022-06-13T11:41:01","slug":"partners","status":"publish","type":"page","link":"https:\/\/lenito.se\/en\/partners\/","title":{"rendered":"Partners"},"content":{"rendered":"\n<div class=\"wp-block-group alignfull has-light-sand-background-color has-background is-layout-flow wp-block-group-is-layout-flow\">\n<div class=\"wp-block-group is-layout-constrained wp-block-group-is-layout-constrained\">\n<div aria-hidden=\"true\" class=\"wp-block-fsb-flexible-spacer fsb-flexible-spacer\"><div class=\"fsb-flexible-spacer__device fsb-flexible-spacer__device--lg\" style=\"height:80px\"><\/div><div class=\"fsb-flexible-spacer__device fsb-flexible-spacer__device--md\" style=\"height:50px\"><\/div><div class=\"fsb-flexible-spacer__device fsb-flexible-spacer__device--sm\" style=\"height:1px\"><\/div><\/div>\n\n\n\n<div class=\"wp-block-columns form-book-cols is-layout-flex wp-container-core-columns-is-layout-04fa3f86 wp-block-columns-is-layout-flex\">\n<div class=\"wp-block-column is-vertically-aligned-center is-layout-flow wp-container-core-column-is-layout-47e5a185 wp-block-column-is-layout-flow\" style=\"flex-basis:45%\">\n<h1 class=\"has-xxx-large-font-size wp-block-heading\" style=\"font-style:normal;font-weight:600;line-height:1.2\">Certifierad SSH Partner<\/h1>\n\n\n\n<div aria-hidden=\"true\" class=\"wp-block-fsb-flexible-spacer fsb-flexible-spacer\"><div class=\"fsb-flexible-spacer__device fsb-flexible-spacer__device--lg\" style=\"height:25px\"><\/div><div class=\"fsb-flexible-spacer__device fsb-flexible-spacer__device--md\" style=\"height:25px\"><\/div><div class=\"fsb-flexible-spacer__device fsb-flexible-spacer__device--sm\" style=\"height:25px\"><\/div><\/div>\n\n\n\n<p class=\"has-dark-gray-color has-text-color has-small-font-size\" style=\"font-style:normal;font-weight:500\">SSH \u00e4r en\u00a0v\u00e4rdefull partner f\u00f6r\u00a0Lenito.\u00a0Partnerskapet inneb\u00e4r ett n\u00e4ra samarbete\u00a0f\u00f6r att expandera\u00a0SSH\u2019s\u00a0utm\u00e4rkta och renommerade tj\u00e4nster f\u00f6r stora som sm\u00e5 nordiska f\u00f6retag, organisationer och myndigheter.<\/p>\n\n\n\n<div aria-hidden=\"true\" class=\"wp-block-fsb-flexible-spacer fsb-flexible-spacer\"><div class=\"fsb-flexible-spacer__device fsb-flexible-spacer__device--lg\" style=\"height:40px\"><\/div><div class=\"fsb-flexible-spacer__device fsb-flexible-spacer__device--md\" style=\"height:40px\"><\/div><div class=\"fsb-flexible-spacer__device fsb-flexible-spacer__device--sm\" style=\"height:40px\"><\/div><\/div>\n<\/div>\n\n\n\n<div class=\"wp-block-column is-layout-flow wp-block-column-is-layout-flow\" style=\"flex-basis:45%\">\n<figure class=\"wp-block-image alignleft size-large\"><img loading=\"lazy\" decoding=\"async\" width=\"1024\" height=\"683\" src=\"https:\/\/lenito.se\/wp-content\/uploads\/2022\/10\/1576-3-1024x683.png\" alt=\"\" class=\"wp-image-2571\" srcset=\"https:\/\/lenito.se\/wp-content\/uploads\/2022\/10\/1576-3-1024x683.png 1024w, https:\/\/lenito.se\/wp-content\/uploads\/2022\/10\/1576-3-300x200.png 300w, https:\/\/lenito.se\/wp-content\/uploads\/2022\/10\/1576-3-768x512.png 768w, https:\/\/lenito.se\/wp-content\/uploads\/2022\/10\/1576-3-1536x1024.png 1536w, https:\/\/lenito.se\/wp-content\/uploads\/2022\/10\/1576-3.png 1945w\" sizes=\"auto, (max-width: 1024px) 100vw, 1024px\" \/><\/figure>\n<\/div>\n<\/div>\n\n\n\n<div aria-hidden=\"true\" class=\"wp-block-fsb-flexible-spacer fsb-flexible-spacer\"><div class=\"fsb-flexible-spacer__device fsb-flexible-spacer__device--lg\" style=\"height:100px\"><\/div><div class=\"fsb-flexible-spacer__device fsb-flexible-spacer__device--md\" style=\"height:60px\"><\/div><div class=\"fsb-flexible-spacer__device fsb-flexible-spacer__device--sm\" style=\"height:30px\"><\/div><\/div>\n<\/div>\n<\/div>\n","protected":false},"excerpt":{"rendered":"<p>Certifierad SSH Partner SSH \u00e4r en\u00a0v\u00e4rdefull partner f\u00f6r\u00a0Lenito.\u00a0Partnerskapet inneb\u00e4r ett n\u00e4ra samarbete\u00a0f\u00f6r att expandera\u00a0SSH\u2019s\u00a0utm\u00e4rkta och renommerade tj\u00e4nster f\u00f6r stora som sm\u00e5 nordiska f\u00f6retag, organisationer och myndigheter.<\/p>\n","protected":false},"author":1,"featured_media":0,"parent":0,"menu_order":0,"comment_status":"closed","ping_status":"closed","template":"wp-custom-template-wide-layout-colored-header","meta":{"_acf_changed":false,"footnotes":""},"class_list":["post-3108","page","type-page","status-publish","hentry"],"acf":[],"_links":{"self":[{"href":"https:\/\/lenito.se\/en\/wp-json\/wp\/v2\/pages\/3108","targetHints":{"allow":["GET"]}}],"collection":[{"href":"https:\/\/lenito.se\/en\/wp-json\/wp\/v2\/pages"}],"about":[{"href":"https:\/\/lenito.se\/en\/wp-json\/wp\/v2\/types\/page"}],"author":[{"embeddable":true,"href":"https:\/\/lenito.se\/en\/wp-json\/wp\/v2\/users\/1"}],"replies":[{"embeddable":true,"href":"https:\/\/lenito.se\/en\/wp-json\/wp\/v2\/comments?post=3108"}],"version-history":[{"count":0,"href":"https:\/\/lenito.se\/en\/wp-json\/wp\/v2\/pages\/3108\/revisions"}],"wp:attachment":[{"href":"https:\/\/lenito.se\/en\/wp-json\/wp\/v2\/media?parent=3108"}],"curies":[{"name":"wp","href":"https:\/\/api.w.org\/{rel}","templated":true}]}}