{"id":3099,"date":"2022-09-19T08:30:54","date_gmt":"2022-09-19T08:30:54","guid":{"rendered":"https:\/\/lenito.se\/kontakta-oss\/"},"modified":"2022-09-19T08:30:54","modified_gmt":"2022-09-19T08:30:54","slug":"kontakta-oss","status":"publish","type":"page","link":"https:\/\/lenito.se\/en\/kontakta-oss\/","title":{"rendered":"Kontakta oss"},"content":{"rendered":"\n<div class=\"wp-block-group alignfull has-light-blue-background-color has-background is-layout-flow wp-block-group-is-layout-flow\">\n<div class=\"wp-block-group form-book-group is-layout-constrained wp-block-group-is-layout-constrained\">\n<div aria-hidden=\"true\" class=\"wp-block-fsb-flexible-spacer fsb-flexible-spacer\"><div class=\"fsb-flexible-spacer__device fsb-flexible-spacer__device--lg\" style=\"height:80px\"><\/div><div class=\"fsb-flexible-spacer__device fsb-flexible-spacer__device--md\" style=\"height:50px\"><\/div><div class=\"fsb-flexible-spacer__device fsb-flexible-spacer__device--sm\" style=\"height:1px\"><\/div><\/div>\n\n\n\n<div class=\"wp-block-columns form-book-cols is-layout-flex wp-container-core-columns-is-layout-04fa3f86 wp-block-columns-is-layout-flex\">\n<div class=\"wp-block-column is-vertically-aligned-center is-layout-flow wp-container-core-column-is-layout-47e5a185 wp-block-column-is-layout-flow\" style=\"flex-basis:45%\">\n<h1 class=\"has-xxx-large-font-size wp-block-heading\" style=\"font-style:normal;font-weight:600;line-height:1.2\">Vi finns tillg\u00e4ngliga f\u00f6r att svara p\u00e5 alla dina fr\u00e5gor!<\/h1>\n\n\n\n<div aria-hidden=\"true\" class=\"wp-block-fsb-flexible-spacer fsb-flexible-spacer\"><div class=\"fsb-flexible-spacer__device fsb-flexible-spacer__device--lg\" style=\"height:25px\"><\/div><div class=\"fsb-flexible-spacer__device fsb-flexible-spacer__device--md\" style=\"height:25px\"><\/div><div class=\"fsb-flexible-spacer__device fsb-flexible-spacer__device--sm\" style=\"height:25px\"><\/div><\/div>\n\n\n\n<p>Du kan n\u00e5 oss via kontaktformul\u00e4ret, e-post eller p\u00e5\u00a0<a><strong>010-2222 020<\/strong><\/a>, v\u00e5ra \u00f6ppettider \u00e4r 08.00-17.00<\/p>\n\n\n\n<div aria-hidden=\"true\" class=\"wp-block-fsb-flexible-spacer fsb-flexible-spacer\"><div class=\"fsb-flexible-spacer__device fsb-flexible-spacer__device--lg\" style=\"height:40px\"><\/div><div class=\"fsb-flexible-spacer__device fsb-flexible-spacer__device--md\" style=\"height:40px\"><\/div><div class=\"fsb-flexible-spacer__device fsb-flexible-spacer__device--sm\" style=\"height:40px\"><\/div><\/div>\n\n\n<div class=\"vm-faq align compact-faq wp-block-acf-vm-faq-block\" id=\"block_73e5ac291efaa5eef3a0de96f48ecaf5\"><div class=\"vm-faq-item\"><a class=\"vm-faq-question\" href=\"#vm-faq-answer-1\" aria-expanded=\"false\" aria-controls=\"vm-faq-answer-1\"><h3 class=\"vm-faq-title\">Hur kommer man snabbast i kontakt med er?<\/h3><div class=\"vm-faq-icon\"><svg width=\"20\" height=\"20\" viewBox=\"0 0 24 24\" fill=\"none\" xmlns=\"http:\/\/www.w3.org\/2000\/svg\"><path id=\"faq-h\" d=\"M12 5V19\" stroke=\"black\" stroke-width=\"1.5\" stroke-linecap=\"round\" stroke-linejoin=\"round\"\/><path id=\"faq-w\" d=\"M5 12H19\" stroke=\"black\" stroke-width=\"1.5\" stroke-linecap=\"round\" stroke-linejoin=\"round\"\/><\/svg><\/div><\/a><div class=\"vm-faq-answer\" id=\"vm-faq-answer-1\"><p>Genom att ringa. F\u00f6redrar ni e-post kan ni r\u00e4kna p\u00e5 ett svar inom 24 timmar.<\/p>\n<\/div><\/div><div class=\"vm-faq-item\"><a class=\"vm-faq-question\" href=\"#vm-faq-answer-2\" aria-expanded=\"false\" aria-controls=\"vm-faq-answer-2\"><h3 class=\"vm-faq-title\">Uppfyller era tj\u00e4nster kraven i GDPR (Dataskyddsf\u00f6rordningen)<\/h3><div class=\"vm-faq-icon\"><svg width=\"20\" height=\"20\" viewBox=\"0 0 24 24\" fill=\"none\" xmlns=\"http:\/\/www.w3.org\/2000\/svg\"><path id=\"faq-h\" d=\"M12 5V19\" stroke=\"black\" stroke-width=\"1.5\" stroke-linecap=\"round\" stroke-linejoin=\"round\"\/><path id=\"faq-w\" d=\"M5 12H19\" stroke=\"black\" stroke-width=\"1.5\" stroke-linecap=\"round\" stroke-linejoin=\"round\"\/><\/svg><\/div><\/a><div class=\"vm-faq-answer\" id=\"vm-faq-answer-2\"><div class=\"page\" title=\"Page 3\">\n<div class=\"section\">\n<div class=\"layoutArea\">\n<div class=\"column\">\n<p>Ja, v\u00e5ra tj\u00e4nster uppfyller de krav p\u00e5 kryptering som st\u00e4lls i lagstiftningen. Samma tj\u00e4nster nyttjas av en majoritet av Sveriges kommuner samt m\u00e5nga organisationer och f\u00f6retag.<\/p>\n<\/div>\n<\/div>\n<\/div>\n<\/div>\n<\/div><\/div><div class=\"vm-faq-item\"><a class=\"vm-faq-question\" href=\"#vm-faq-answer-3\" aria-expanded=\"false\" aria-controls=\"vm-faq-answer-3\"><h3 class=\"vm-faq-title\">Hur fort kan man b\u00f6rja anv\u00e4nda era tj\u00e4nster?<\/h3><div class=\"vm-faq-icon\"><svg width=\"20\" height=\"20\" viewBox=\"0 0 24 24\" fill=\"none\" xmlns=\"http:\/\/www.w3.org\/2000\/svg\"><path id=\"faq-h\" d=\"M12 5V19\" stroke=\"black\" stroke-width=\"1.5\" stroke-linecap=\"round\" stroke-linejoin=\"round\"\/><path id=\"faq-w\" d=\"M5 12H19\" stroke=\"black\" stroke-width=\"1.5\" stroke-linecap=\"round\" stroke-linejoin=\"round\"\/><\/svg><\/div><\/a><div class=\"vm-faq-answer\" id=\"vm-faq-answer-3\"><div class=\"page\" title=\"Page 3\">\n<div class=\"section\">\n<div class=\"layoutArea\">\n<div class=\"column\">\n<p>Fr\u00e5n att ni ing\u00e5tt ett avtal med oss tar det h\u00f6gst 24 timmar att komma ig\u00e5ng och b\u00f6rja anv\u00e4nda tj\u00e4nsten.<\/p>\n<\/div>\n<\/div>\n<\/div>\n<\/div>\n<\/div><\/div><div class=\"vm-faq-item\"><a class=\"vm-faq-question\" href=\"#vm-faq-answer-4\" aria-expanded=\"false\" aria-controls=\"vm-faq-answer-4\"><h3 class=\"vm-faq-title\">Kan era tj\u00e4nster ers\u00e4tta vanliga brev?<\/h3><div class=\"vm-faq-icon\"><svg width=\"20\" height=\"20\" viewBox=\"0 0 24 24\" fill=\"none\" xmlns=\"http:\/\/www.w3.org\/2000\/svg\"><path id=\"faq-h\" d=\"M12 5V19\" stroke=\"black\" stroke-width=\"1.5\" stroke-linecap=\"round\" stroke-linejoin=\"round\"\/><path id=\"faq-w\" d=\"M5 12H19\" stroke=\"black\" stroke-width=\"1.5\" stroke-linecap=\"round\" stroke-linejoin=\"round\"\/><\/svg><\/div><\/a><div class=\"vm-faq-answer\" id=\"vm-faq-answer-4\"><div class=\"page\" title=\"Page 3\">\n<div class=\"section\">\n<div class=\"layoutArea\">\n<div class=\"column\">\n<p>Ja, genom att anv\u00e4nda v\u00e5ra tj\u00e4nster beh\u00f6ver ni inte l\u00e4ngre skicka vanliga brev och kan p\u00e5 s\u00e5 s\u00e4tt spara in kostnader p\u00e5 administration, kuvert och frim\u00e4rken. Genom att skicka e-post med sms eller bankid-verifiering uppn\u00e5r ni en s\u00e4kerhetsniv\u00e5 motsvarande rekommenderat brev.<\/p>\n<\/div>\n<\/div>\n<\/div>\n<\/div>\n<\/div><\/div><\/div><\/div>\n\n\n\n<div class=\"wp-block-column is-layout-flow wp-block-column-is-layout-flow\" style=\"flex-basis:45%\">\n<div class=\"wp-block-group form-box is-layout-flow wp-container-core-group-is-layout-47e5a185 wp-block-group-is-layout-flow\" style=\"border-radius:15px\">\n<div class=\"wp-block-group has-white-background-color has-background is-layout-flow wp-block-group-is-layout-flow\" style=\"border-radius:15px\"><div class=\"wpforms-container wpforms-container-full wpforms-block\" id=\"wpforms-314\"><form id=\"wpforms-form-314\" class=\"wpforms-validate wpforms-form wpforms-ajax-form\" data-formid=\"314\" method=\"post\" enctype=\"multipart\/form-data\" action=\"\/en\/wp-json\/wp\/v2\/pages\/3099\" data-token=\"11e71f27aeae8066f621d013587a4431\" data-token-time=\"1777693755\"><noscript class=\"wpforms-error-noscript\">Please enable JavaScript in your browser to complete this form.<\/noscript><div class=\"wpforms-field-container\"><div id=\"wpforms-314-field_0-container\" class=\"wpforms-field wpforms-field-name\" data-field-id=\"0\"><label class=\"wpforms-field-label\" for=\"wpforms-314-field_0\">Ditt namn <span class=\"wpforms-required-label\">*<\/span><\/label><input type=\"text\" id=\"wpforms-314-field_0\" class=\"wpforms-field-medium wpforms-field-required\" name=\"wpforms[fields][0]\" required><\/div><div id=\"wpforms-314-field_1-container\" class=\"wpforms-field wpforms-field-email\" data-field-id=\"1\"><label class=\"wpforms-field-label\" for=\"wpforms-314-field_1\">Din e-post <span class=\"wpforms-required-label\">*<\/span><\/label><input type=\"email\" id=\"wpforms-314-field_1\" class=\"wpforms-field-medium wpforms-field-required\" name=\"wpforms[fields][1]\" spellcheck=\"false\" required><\/div><div id=\"wpforms-314-field_4-container\" class=\"wpforms-field wpforms-field-number\" data-field-id=\"4\"><label class=\"wpforms-field-label\" for=\"wpforms-314-field_4\">Ditt telefonnummer<\/label><input type=\"number\" id=\"wpforms-314-field_4\" class=\"wpforms-field-medium\" name=\"wpforms[fields][4]\" step=\"any\" ><\/div><div id=\"wpforms-314-field_2-container\" class=\"wpforms-field wpforms-field-textarea\" data-field-id=\"2\"><label class=\"wpforms-field-label\" for=\"wpforms-314-field_2\">Meddelande <span class=\"wpforms-required-label\">*<\/span><\/label><textarea id=\"wpforms-314-field_2\" class=\"wpforms-field-medium wpforms-field-required\" name=\"wpforms[fields][2]\" required><\/textarea><\/div><div id=\"wpforms-314-field_5-container\" class=\"wpforms-field wpforms-field-hidden\" data-field-id=\"5\"><input type=\"hidden\" id=\"wpforms-314-field_5\" name=\"wpforms[fields][5]\" value=\"216.73.216.2\"><\/div><div id=\"wpforms-314-field_6-container\" class=\"wpforms-field wpforms-field-hidden\" data-field-id=\"6\"><input type=\"hidden\" id=\"wpforms-314-field_6\" name=\"wpforms[fields][6]\"><\/div><\/div><!-- .wpforms-field-container --><div class=\"wpforms-recaptcha-container wpforms-is-recaptcha wpforms-is-recaptcha-type-v2\" ><div class=\"g-recaptcha\" data-sitekey=\"6LehynIjAAAAAFyZrBjtMxZWp-ylVFWbTYoNY1vB\"><\/div><input type=\"text\" name=\"g-recaptcha-hidden\" class=\"wpforms-recaptcha-hidden\" style=\"position:absolute!important;clip:rect(0,0,0,0)!important;height:1px!important;width:1px!important;border:0!important;overflow:hidden!important;padding:0!important;margin:0!important;\" data-rule-recaptcha=\"1\"><\/div><div class=\"wpforms-submit-container\" ><input type=\"hidden\" name=\"wpforms[id]\" value=\"314\"><input type=\"hidden\" name=\"page_title\" value=\"\"><input type=\"hidden\" name=\"page_url\" value=\"https:\/\/lenito.se\/en\/wp-json\/wp\/v2\/pages\/3099\"><input type=\"hidden\" name=\"url_referer\" value=\"\"><button type=\"submit\" name=\"wpforms[submit]\" id=\"wpforms-submit-314\" class=\"wpforms-submit\" data-alt-text=\"S\u00e4nder...\" data-submit-text=\"Skicka\" aria-live=\"assertive\" value=\"wpforms-submit\">Skicka<\/button><img loading=\"lazy\" decoding=\"async\" src=\"https:\/\/lenito.se\/wp-content\/plugins\/wpforms\/assets\/images\/submit-spin.svg\" class=\"wpforms-submit-spinner\" style=\"display: none;\" width=\"26\" height=\"26\" alt=\"Loading\"><\/div><\/form><\/div>  <!-- .wpforms-container --><\/div>\n<\/div>\n<\/div>\n<\/div>\n\n\n\n<div class=\"wp-block-group is-layout-flow wp-container-core-group-is-layout-f1988915 wp-block-group-is-layout-flow\">\n<div aria-hidden=\"true\" class=\"wp-block-fsb-flexible-spacer fsb-flexible-spacer\"><div class=\"fsb-flexible-spacer__device fsb-flexible-spacer__device--lg\" style=\"height:110px\"><\/div><div class=\"fsb-flexible-spacer__device fsb-flexible-spacer__device--md\" style=\"height:70px\"><\/div><div class=\"fsb-flexible-spacer__device fsb-flexible-spacer__device--sm\" style=\"height:40px\"><\/div><\/div>\n\n\n\n<div class=\"wp-block-group is-layout-flow wp-block-group-is-layout-flow\">\n<h2 class=\"has-text-align-center wp-block-heading\" style=\"font-style:normal;font-weight:600\">Trusted by<\/h2>\n\n\n\n<div aria-hidden=\"true\" class=\"wp-block-fsb-flexible-spacer fsb-flexible-spacer\"><div class=\"fsb-flexible-spacer__device fsb-flexible-spacer__device--lg\" style=\"height:10px\"><\/div><div class=\"fsb-flexible-spacer__device fsb-flexible-spacer__device--md\" style=\"height:10px\"><\/div><div class=\"fsb-flexible-spacer__device fsb-flexible-spacer__device--sm\" style=\"height:10px\"><\/div><\/div>\n\n\n\n<div class=\"wp-block-group logo-row is-layout-flex wp-container-core-group-is-layout-55d5048b wp-block-group-is-layout-flex\">\n<figure class=\"wp-block-image size-full is-resized no-lightbox\"><a href=\"http:\/\/www.halsohuset.se\/\" target=\"_blank\" rel=\"noreferrer noopener nofollow\"><img loading=\"lazy\" decoding=\"async\" src=\"https:\/\/lenito.se\/wp-content\/uploads\/2022\/09\/logo-1-e1664187811499.png\" alt=\"\" class=\"wp-image-2321\" width=\"193\" height=\"102\" srcset=\"https:\/\/lenito.se\/wp-content\/uploads\/2022\/09\/logo-1-e1664187811499.png 386w, https:\/\/lenito.se\/wp-content\/uploads\/2022\/09\/logo-1-e1664187811499-300x159.png 300w\" sizes=\"auto, (max-width: 193px) 100vw, 193px\" \/><\/a><\/figure>\n\n\n\n<figure class=\"wp-block-image size-full is-resized no-lightbox\"><a href=\"http:\/\/www.patia.se\/\" target=\"_blank\" rel=\"noreferrer noopener nofollow\"><img loading=\"lazy\" decoding=\"async\" src=\"https:\/\/lenito.se\/wp-content\/uploads\/2022\/09\/patia_logo_rgb_800px.webp\" alt=\"\" class=\"wp-image-2324\" width=\"173\" height=\"84\" srcset=\"https:\/\/lenito.se\/wp-content\/uploads\/2022\/09\/patia_logo_rgb_800px.webp 346w, https:\/\/lenito.se\/wp-content\/uploads\/2022\/09\/patia_logo_rgb_800px-300x146.webp 300w\" sizes=\"auto, (max-width: 173px) 100vw, 173px\" \/><\/a><\/figure>\n\n\n\n<figure class=\"wp-block-image size-full is-resized no-lightbox\" style=\"mix-blend-mode: multiply\"><a href=\"http:\/\/www.apelgarden.com\/\" rel=\"noreferrer noopener nofollow\" target=\"_blank\"><img loading=\"lazy\" decoding=\"async\" src=\"https:\/\/lenito.se\/wp-content\/uploads\/2022\/09\/ApelgardensHVB-Logga-2.svg\" alt=\"\" class=\"wp-image-2322\" width=\"193\" height=\"123\"><\/a><\/figure>\n\n\n\n<figure class=\"wp-block-image size-full is-resized no-lightbox\"><a href=\"https:\/\/www.pkh.no\/\" target=\"_blank\" rel=\"noreferrer noopener nofollow\"><img loading=\"lazy\" decoding=\"async\" src=\"https:\/\/lenito.se\/wp-content\/uploads\/2022\/09\/NavbarLogo-1.png\" alt=\"\" class=\"wp-image-2323\" width=\"213\" height=\"37\" srcset=\"https:\/\/lenito.se\/wp-content\/uploads\/2022\/09\/NavbarLogo-1.png 425w, https:\/\/lenito.se\/wp-content\/uploads\/2022\/09\/NavbarLogo-1-300x52.png 300w\" sizes=\"auto, (max-width: 213px) 100vw, 213px\" \/><\/a><\/figure>\n<\/div>\n\n\n\n<div aria-hidden=\"true\" class=\"wp-block-fsb-flexible-spacer fsb-flexible-spacer\"><div class=\"fsb-flexible-spacer__device fsb-flexible-spacer__device--lg\" style=\"height:100px\"><\/div><div class=\"fsb-flexible-spacer__device fsb-flexible-spacer__device--md\" style=\"height:80px\"><\/div><div class=\"fsb-flexible-spacer__device fsb-flexible-spacer__device--sm\" style=\"height:60px\"><\/div><\/div>\n<\/div>\n\n\n\n<div aria-hidden=\"true\" class=\"wp-block-fsb-flexible-spacer fsb-flexible-spacer\"><div class=\"fsb-flexible-spacer__device fsb-flexible-spacer__device--lg\" style=\"margin-bottom:-80px\"><\/div><div class=\"fsb-flexible-spacer__device fsb-flexible-spacer__device--md\" style=\"margin-bottom:-80px\"><\/div><div class=\"fsb-flexible-spacer__device fsb-flexible-spacer__device--sm\" style=\"margin-bottom:-80px\"><\/div><\/div>\n<\/div>\n<\/div>\n<\/div>\n","protected":false},"excerpt":{"rendered":"<p>Vi finns tillg\u00e4ngliga f\u00f6r att svara p\u00e5 alla dina fr\u00e5gor! Du kan n\u00e5 oss via kontaktformul\u00e4ret, e-post eller p\u00e5\u00a0010-2222 020, v\u00e5ra \u00f6ppettider \u00e4r 08.00-17.00<\/p>\n","protected":false},"author":1,"featured_media":0,"parent":0,"menu_order":0,"comment_status":"closed","ping_status":"closed","template":"wp-custom-template-colored-header","meta":{"_acf_changed":false,"footnotes":""},"class_list":["post-3099","page","type-page","status-publish","hentry"],"acf":[],"_links":{"self":[{"href":"https:\/\/lenito.se\/en\/wp-json\/wp\/v2\/pages\/3099","targetHints":{"allow":["GET"]}}],"collection":[{"href":"https:\/\/lenito.se\/en\/wp-json\/wp\/v2\/pages"}],"about":[{"href":"https:\/\/lenito.se\/en\/wp-json\/wp\/v2\/types\/page"}],"author":[{"embeddable":true,"href":"https:\/\/lenito.se\/en\/wp-json\/wp\/v2\/users\/1"}],"replies":[{"embeddable":true,"href":"https:\/\/lenito.se\/en\/wp-json\/wp\/v2\/comments?post=3099"}],"version-history":[{"count":0,"href":"https:\/\/lenito.se\/en\/wp-json\/wp\/v2\/pages\/3099\/revisions"}],"wp:attachment":[{"href":"https:\/\/lenito.se\/en\/wp-json\/wp\/v2\/media?parent=3099"}],"curies":[{"name":"wp","href":"https:\/\/api.w.org\/{rel}","templated":true}]}}