{"id":3097,"date":"2022-09-26T13:27:07","date_gmt":"2022-09-26T13:27:07","guid":{"rendered":"https:\/\/lenito.se\/begar-offert\/"},"modified":"2023-01-26T16:20:39","modified_gmt":"2023-01-26T16:20:39","slug":"begar-offert","status":"publish","type":"page","link":"https:\/\/lenito.se\/en\/begar-offert\/","title":{"rendered":"Beg\u00e4r offert"},"content":{"rendered":"\n<div class=\"wp-block-group alignfull has-light-blue-background-color has-background is-layout-flow wp-block-group-is-layout-flow\">\n<div class=\"wp-block-group form-book-group is-layout-constrained wp-block-group-is-layout-constrained\">\n<div aria-hidden=\"true\" class=\"wp-block-fsb-flexible-spacer fsb-flexible-spacer\"><div class=\"fsb-flexible-spacer__device fsb-flexible-spacer__device--lg\" style=\"height:80px\"><\/div><div class=\"fsb-flexible-spacer__device fsb-flexible-spacer__device--md\" style=\"height:50px\"><\/div><div class=\"fsb-flexible-spacer__device fsb-flexible-spacer__device--sm\" style=\"height:1px\"><\/div><\/div>\n\n\n\n<h1 class=\"has-text-align-center has-xx-large-font-size wp-block-heading\" style=\"font-style:normal;font-weight:600\">Beg\u00e4r offert<\/h1>\n\n\n\n<div aria-hidden=\"true\" class=\"wp-block-fsb-flexible-spacer fsb-flexible-spacer\"><div class=\"fsb-flexible-spacer__device fsb-flexible-spacer__device--lg\" style=\"height:10px\"><\/div><div class=\"fsb-flexible-spacer__device fsb-flexible-spacer__device--md\" style=\"height:10px\"><\/div><div class=\"fsb-flexible-spacer__device fsb-flexible-spacer__device--sm\" style=\"height:10px\"><\/div><\/div>\n\n\n\n<div class=\"wp-block-group form-book-cols is-layout-constrained wp-container-core-group-is-layout-37a52c55 wp-block-group-is-layout-constrained\" style=\"border-radius:0px\">\n<div class=\"wp-block-group form-box is-layout-flow wp-container-core-group-is-layout-47e5a185 wp-block-group-is-layout-flow\" style=\"border-radius:15px\">\n<div class=\"wp-block-group has-border-color has-white-border-color has-white-background-color has-background is-layout-flow wp-container-core-group-is-layout-8a368f38 wp-block-group-is-layout-flow\" style=\"border-width:7px;border-radius:15px\"><div class=\"wpforms-container wpforms-container-full wpforms-block\" id=\"wpforms-1032\"><form id=\"wpforms-form-1032\" class=\"wpforms-validate wpforms-form wpforms-ajax-form\" data-formid=\"1032\" method=\"post\" enctype=\"multipart\/form-data\" action=\"\/en\/wp-json\/wp\/v2\/pages\/3097\" data-token=\"ec3ec2ad3362b7111e4234218baff077\" data-token-time=\"1777693864\"><noscript class=\"wpforms-error-noscript\">Please enable JavaScript in your browser to complete this form.<\/noscript><div class=\"wpforms-field-container\"><div id=\"wpforms-1032-field_2-container\" class=\"wpforms-field wpforms-field-name\" data-field-id=\"2\"><label class=\"wpforms-field-label\" for=\"wpforms-1032-field_2\">Namn <span class=\"wpforms-required-label\">*<\/span><\/label><div class=\"wpforms-field-row wpforms-field-large\"><div class=\"wpforms-field-row-block wpforms-first wpforms-one-half\"><input type=\"text\" id=\"wpforms-1032-field_2\" class=\"wpforms-field-name-first wpforms-field-required\" name=\"wpforms[fields][2][first]\" placeholder=\"F\u00f6rnamn\" required><label for=\"wpforms-1032-field_2\" class=\"wpforms-field-sublabel after wpforms-sublabel-hide\">First<\/label><\/div><div class=\"wpforms-field-row-block wpforms-one-half\"><input type=\"text\" id=\"wpforms-1032-field_2-last\" class=\"wpforms-field-name-last wpforms-field-required\" name=\"wpforms[fields][2][last]\" placeholder=\"Efternamn\" required><label for=\"wpforms-1032-field_2-last\" class=\"wpforms-field-sublabel after wpforms-sublabel-hide\">Last<\/label><\/div><\/div><\/div><div id=\"wpforms-1032-field_3-container\" class=\"wpforms-field wpforms-field-email\" data-field-id=\"3\"><label class=\"wpforms-field-label\" for=\"wpforms-1032-field_3\">E-post <span class=\"wpforms-required-label\">*<\/span><\/label><input type=\"email\" id=\"wpforms-1032-field_3\" class=\"wpforms-field-large wpforms-field-required\" name=\"wpforms[fields][3]\" placeholder=\"E-post\" spellcheck=\"false\" required><\/div><div id=\"wpforms-1032-field_6-container\" class=\"wpforms-field wpforms-field-select wpforms-field-select-style-classic\" data-field-id=\"6\"><label class=\"wpforms-field-label\" for=\"wpforms-1032-field_6\">Jobbtitel <span class=\"wpforms-required-label\">*<\/span><\/label><select id=\"wpforms-1032-field_6\" class=\"wpforms-field-large wpforms-field-required\" name=\"wpforms[fields][6]\" required=\"required\"><option value=\"\" class=\"placeholder\" disabled  selected='selected'>Jobbtitel<\/option><option value=\"VD \/ CEO\"  class=\"choice-1 depth-1\"  >VD \/ CEO<\/option><option value=\"Informationschef \/ CIO\"  class=\"choice-2 depth-1\"  >Informationschef \/ CIO<\/option><option value=\"IT Chef \/ CTO\"  class=\"choice-3 depth-1\"  >IT Chef \/ CTO<\/option><option value=\"Dataskyddsombud \/ DPO\"  class=\"choice-4 depth-1\"  >Dataskyddsombud \/ DPO<\/option><option value=\"IT-s\u00e4kerhetsdirekt\u00f6r \/ CISCO\"  class=\"choice-5 depth-1\"  >IT-s\u00e4kerhetsdirekt\u00f6r \/ CISCO<\/option><option value=\"Annan\"  class=\"choice-6 depth-1\"  >Annan<\/option><\/select><\/div><div id=\"wpforms-1032-field_11-container\" class=\"wpforms-field wpforms-field-text\" data-field-id=\"11\"><label class=\"wpforms-field-label\" for=\"wpforms-1032-field_11\">F\u00f6retag <span class=\"wpforms-required-label\">*<\/span><\/label><input type=\"text\" id=\"wpforms-1032-field_11\" class=\"wpforms-field-large wpforms-field-required\" name=\"wpforms[fields][11]\" required><\/div><div id=\"wpforms-1032-field_13-container\" class=\"wpforms-field wpforms-field-number\" data-field-id=\"13\"><label class=\"wpforms-field-label\" for=\"wpforms-1032-field_13\">Telefonnummer <span class=\"wpforms-required-label\">*<\/span><\/label><input type=\"number\" id=\"wpforms-1032-field_13\" class=\"wpforms-field-large wpforms-field-required\" name=\"wpforms[fields][13]\" step=\"any\" required><\/div><div id=\"wpforms-1032-field_17-container\" class=\"wpforms-field wpforms-field-number\" data-field-id=\"17\"><label class=\"wpforms-field-label\" for=\"wpforms-1032-field_17\">Hur m\u00e5nga mailadresser har ni i f\u00f6retaget? <span class=\"wpforms-required-label\">*<\/span><\/label><input type=\"number\" id=\"wpforms-1032-field_17\" class=\"wpforms-field-medium wpforms-field-required\" name=\"wpforms[fields][17]\" placeholder=\"Antal licenser\" step=\"any\" required><\/div><div id=\"wpforms-1032-field_18-container\" class=\"wpforms-field wpforms-field-number\" data-field-id=\"18\"><label class=\"wpforms-field-label\" for=\"wpforms-1032-field_18\">Hur m\u00e5nga licenser \u00e4r ni intresserade av? <span class=\"wpforms-required-label\">*<\/span><\/label><input type=\"number\" id=\"wpforms-1032-field_18\" class=\"wpforms-field-medium wpforms-field-required\" name=\"wpforms[fields][18]\" placeholder=\"Antal licenser\" step=\"any\" required><\/div><div id=\"wpforms-1032-field_16-container\" class=\"wpforms-field wpforms-field-radio\" data-field-id=\"16\"><label class=\"wpforms-field-label\">Anv\u00e4nder du f\u00f6r n\u00e4rvarande en s\u00e4ker e-posttj\u00e4nst? <span class=\"wpforms-required-label\">*<\/span><\/label><ul id=\"wpforms-1032-field_16\" class=\"wpforms-field-required\"><li class=\"choice-1 depth-1\"><input type=\"radio\" id=\"wpforms-1032-field_16_1\" name=\"wpforms[fields][16]\" value=\"Ja\" required ><label class=\"wpforms-field-label-inline\" for=\"wpforms-1032-field_16_1\">Ja<\/label><\/li><li class=\"choice-2 depth-1\"><input type=\"radio\" id=\"wpforms-1032-field_16_2\" name=\"wpforms[fields][16]\" value=\"Nej\" required ><label class=\"wpforms-field-label-inline\" for=\"wpforms-1032-field_16_2\">Nej<\/label><\/li><\/ul><\/div><div id=\"wpforms-1032-field_19-container\" class=\"wpforms-field wpforms-field-hidden\" data-field-id=\"19\"><input type=\"hidden\" id=\"wpforms-1032-field_19\" name=\"wpforms[fields][19]\" value=\"216.73.216.2\"><\/div><\/div><!-- .wpforms-field-container --><div class=\"wpforms-recaptcha-container wpforms-is-recaptcha wpforms-is-recaptcha-type-v2\" ><div class=\"g-recaptcha\" data-sitekey=\"6LehynIjAAAAAFyZrBjtMxZWp-ylVFWbTYoNY1vB\"><\/div><input type=\"text\" name=\"g-recaptcha-hidden\" class=\"wpforms-recaptcha-hidden\" style=\"position:absolute!important;clip:rect(0,0,0,0)!important;height:1px!important;width:1px!important;border:0!important;overflow:hidden!important;padding:0!important;margin:0!important;\" data-rule-recaptcha=\"1\"><\/div><div class=\"wpforms-submit-container\" ><input type=\"hidden\" name=\"wpforms[id]\" value=\"1032\"><input type=\"hidden\" name=\"page_title\" value=\"\"><input type=\"hidden\" name=\"page_url\" value=\"https:\/\/lenito.se\/en\/wp-json\/wp\/v2\/pages\/3097\"><input type=\"hidden\" name=\"url_referer\" value=\"\"><button type=\"submit\" name=\"wpforms[submit]\" id=\"wpforms-submit-1032\" class=\"wpforms-submit\" data-alt-text=\"S\u00e4nder...\" data-submit-text=\"Skicka\" aria-live=\"assertive\" value=\"wpforms-submit\">Skicka<\/button><img loading=\"lazy\" decoding=\"async\" src=\"https:\/\/lenito.se\/wp-content\/plugins\/wpforms\/assets\/images\/submit-spin.svg\" class=\"wpforms-submit-spinner\" style=\"display: none;\" width=\"26\" height=\"26\" alt=\"Loading\"><\/div><\/form><\/div>  <!-- .wpforms-container --><\/div>\n<\/div>\n<\/div>\n\n\n\n<div class=\"wp-block-group is-layout-flow wp-container-core-group-is-layout-f1988915 wp-block-group-is-layout-flow\">\n<div aria-hidden=\"true\" class=\"wp-block-fsb-flexible-spacer fsb-flexible-spacer\"><div class=\"fsb-flexible-spacer__device fsb-flexible-spacer__device--lg\" style=\"height:110px\"><\/div><div class=\"fsb-flexible-spacer__device fsb-flexible-spacer__device--md\" style=\"height:80px\"><\/div><div class=\"fsb-flexible-spacer__device fsb-flexible-spacer__device--sm\" style=\"height:60px\"><\/div><\/div>\n\n\n\n<div class=\"wp-block-group is-layout-flow wp-block-group-is-layout-flow\">\n<h2 class=\"has-text-align-center wp-block-heading\" style=\"font-style:normal;font-weight:600\">Trusted by<\/h2>\n\n\n\n<div aria-hidden=\"true\" class=\"wp-block-fsb-flexible-spacer fsb-flexible-spacer\"><div class=\"fsb-flexible-spacer__device fsb-flexible-spacer__device--lg\" style=\"height:10px\"><\/div><div class=\"fsb-flexible-spacer__device fsb-flexible-spacer__device--md\" style=\"height:10px\"><\/div><div class=\"fsb-flexible-spacer__device fsb-flexible-spacer__device--sm\" style=\"height:10px\"><\/div><\/div>\n\n\n\n<div class=\"wp-block-group logo-row is-layout-flex wp-container-core-group-is-layout-55d5048b wp-block-group-is-layout-flex\">\n<figure class=\"wp-block-image size-full is-resized no-lightbox\"><a href=\"http:\/\/www.halsohuset.se\/\" target=\"_blank\" rel=\"noreferrer noopener nofollow\"><img loading=\"lazy\" decoding=\"async\" src=\"https:\/\/lenito.se\/wp-content\/uploads\/2022\/09\/logo-1-e1664187811499.png\" alt=\"\" class=\"wp-image-2321\" width=\"193\" height=\"102\" srcset=\"https:\/\/lenito.se\/wp-content\/uploads\/2022\/09\/logo-1-e1664187811499.png 386w, https:\/\/lenito.se\/wp-content\/uploads\/2022\/09\/logo-1-e1664187811499-300x159.png 300w\" sizes=\"auto, (max-width: 193px) 100vw, 193px\" \/><\/a><\/figure>\n\n\n\n<figure class=\"wp-block-image size-full is-resized no-lightbox\"><a href=\"http:\/\/www.patia.se\/\" target=\"_blank\" rel=\"noreferrer noopener nofollow\"><img loading=\"lazy\" decoding=\"async\" src=\"https:\/\/lenito.se\/wp-content\/uploads\/2022\/09\/patia_logo_rgb_800px.webp\" alt=\"\" class=\"wp-image-2324\" width=\"173\" height=\"84\" srcset=\"https:\/\/lenito.se\/wp-content\/uploads\/2022\/09\/patia_logo_rgb_800px.webp 346w, https:\/\/lenito.se\/wp-content\/uploads\/2022\/09\/patia_logo_rgb_800px-300x146.webp 300w\" sizes=\"auto, (max-width: 173px) 100vw, 173px\" \/><\/a><\/figure>\n\n\n\n<figure class=\"wp-block-image size-full is-resized no-lightbox\" style=\"mix-blend-mode: multiply\"><a href=\"http:\/\/www.apelgarden.com\/\" rel=\"noreferrer noopener nofollow\" target=\"_blank\"><img loading=\"lazy\" decoding=\"async\" src=\"https:\/\/lenito.se\/wp-content\/uploads\/2022\/09\/ApelgardensHVB-Logga-2.svg\" alt=\"\" class=\"wp-image-2322\" width=\"193\" height=\"123\"><\/a><\/figure>\n\n\n\n<figure class=\"wp-block-image size-full is-resized no-lightbox\"><a href=\"https:\/\/www.pkh.no\/\" target=\"_blank\" rel=\"noreferrer noopener nofollow\"><img loading=\"lazy\" decoding=\"async\" src=\"https:\/\/lenito.se\/wp-content\/uploads\/2022\/09\/NavbarLogo-1.png\" alt=\"\" class=\"wp-image-2323\" width=\"213\" height=\"37\" srcset=\"https:\/\/lenito.se\/wp-content\/uploads\/2022\/09\/NavbarLogo-1.png 425w, https:\/\/lenito.se\/wp-content\/uploads\/2022\/09\/NavbarLogo-1-300x52.png 300w\" sizes=\"auto, (max-width: 213px) 100vw, 213px\" \/><\/a><\/figure>\n<\/div>\n\n\n\n<div aria-hidden=\"true\" class=\"wp-block-fsb-flexible-spacer fsb-flexible-spacer\"><div class=\"fsb-flexible-spacer__device fsb-flexible-spacer__device--lg\" style=\"height:100px\"><\/div><div class=\"fsb-flexible-spacer__device fsb-flexible-spacer__device--md\" style=\"height:80px\"><\/div><div class=\"fsb-flexible-spacer__device fsb-flexible-spacer__device--sm\" style=\"height:60px\"><\/div><\/div>\n<\/div>\n<\/div>\n<\/div>\n<\/div>\n","protected":false},"excerpt":{"rendered":"<p>Beg\u00e4r offert<\/p>\n","protected":false},"author":1,"featured_media":0,"parent":0,"menu_order":0,"comment_status":"closed","ping_status":"closed","template":"wp-custom-template-colored-header","meta":{"_acf_changed":false,"footnotes":""},"class_list":["post-3097","page","type-page","status-publish","hentry"],"acf":[],"_links":{"self":[{"href":"https:\/\/lenito.se\/en\/wp-json\/wp\/v2\/pages\/3097","targetHints":{"allow":["GET"]}}],"collection":[{"href":"https:\/\/lenito.se\/en\/wp-json\/wp\/v2\/pages"}],"about":[{"href":"https:\/\/lenito.se\/en\/wp-json\/wp\/v2\/types\/page"}],"author":[{"embeddable":true,"href":"https:\/\/lenito.se\/en\/wp-json\/wp\/v2\/users\/1"}],"replies":[{"embeddable":true,"href":"https:\/\/lenito.se\/en\/wp-json\/wp\/v2\/comments?post=3097"}],"version-history":[{"count":5,"href":"https:\/\/lenito.se\/en\/wp-json\/wp\/v2\/pages\/3097\/revisions"}],"predecessor-version":[{"id":3539,"href":"https:\/\/lenito.se\/en\/wp-json\/wp\/v2\/pages\/3097\/revisions\/3539"}],"wp:attachment":[{"href":"https:\/\/lenito.se\/en\/wp-json\/wp\/v2\/media?parent=3097"}],"curies":[{"name":"wp","href":"https:\/\/api.w.org\/{rel}","templated":true}]}}