{"id":3096,"date":"2022-10-03T10:22:59","date_gmt":"2022-10-03T10:22:59","guid":{"rendered":"https:\/\/lenito.se\/tack-boka-en-demo\/"},"modified":"2022-10-03T10:22:59","modified_gmt":"2022-10-03T10:22:59","slug":"tack-boka-en-demo","status":"publish","type":"page","link":"https:\/\/lenito.se\/en\/tack-boka-en-demo\/","title":{"rendered":"Tack &#8211; Boka en demo"},"content":{"rendered":"\n<div class=\"wp-block-group alignfull hero-section has-light-green-new-background-color has-background is-layout-flow wp-block-group-is-layout-flow\">\n<div class=\"wp-block-group is-layout-constrained wp-block-group-is-layout-constrained\">\n<div aria-hidden=\"true\" class=\"wp-block-fsb-flexible-spacer fsb-flexible-spacer\"><div class=\"fsb-flexible-spacer__device fsb-flexible-spacer__device--lg\" style=\"height:80px\"><\/div><div class=\"fsb-flexible-spacer__device fsb-flexible-spacer__device--md\" style=\"height:80px\"><\/div><div class=\"fsb-flexible-spacer__device fsb-flexible-spacer__device--sm\" style=\"height:80px\"><\/div><\/div>\n\n\n\n<div class=\"wp-block-columns are-vertically-aligned-center is-layout-flex wp-container-core-columns-is-layout-28f84493 wp-block-columns-is-layout-flex\">\n<div class=\"wp-block-column is-vertically-aligned-center is-layout-flow wp-block-column-is-layout-flow\">\n<div class=\"wp-block-group is-nowrap is-layout-flex wp-container-core-group-is-layout-6c531013 wp-block-group-is-layout-flex\">\n<div class=\"wp-block-group is-layout-constrained wp-container-core-group-is-layout-a24fb4cd wp-block-group-is-layout-constrained\">\n<h1 class=\"has-text-align-left has-xxx-large-font-size wp-block-heading\" style=\"font-style:normal;font-weight:600;line-height:1.2\">Tack f\u00f6r att du <br>kontaktar oss<\/h1>\n\n\n\n<p class=\"has-text-align-left has-dark-gray-color has-text-color has-small-font-size\" style=\"font-style:normal;font-weight:500\">Vi kommer att kontakta dig inom kort.<\/p>\n\n\n\n<!-- Event snippet for Boka demo conversion page -->\n<script>\n  gtag('event', 'conversion', {'send_to': 'AW-10980224556\/HgPxCM7X_YAYEKzc4_Mo'});\n<\/script>\n\n\n\n<div class=\"wp-block-buttons is-layout-flex wp-block-buttons-is-layout-flex\">\n<div class=\"wp-block-button\"><a class=\"wp-block-button__link wp-element-button\" href=\"https:\/\/lenito.se\/en\/\">G\u00e5 till f\u00f6rstasidan<\/a><\/div>\n<\/div>\n<\/div>\n<\/div>\n<\/div>\n\n\n\n<div class=\"wp-block-column is-vertically-aligned-center is-layout-flow wp-block-column-is-layout-flow\">\n<div class=\"wp-block-group is-content-justification-center is-nowrap is-layout-flex wp-container-core-group-is-layout-23441af8 wp-block-group-is-layout-flex\">\n<figure class=\"wp-block-image size-full is-resized has-custom-border\"><img loading=\"lazy\" decoding=\"async\" src=\"https:\/\/lenito.se\/wp-content\/uploads\/2022\/09\/undraw_mail_sent.svg\" alt=\"\" class=\"wp-image-1950\" style=\"border-radius:0px\" width=\"360\" height=\"384\"\/><\/figure>\n<\/div>\n<\/div>\n<\/div>\n\n\n\n<div aria-hidden=\"true\" class=\"wp-block-fsb-flexible-spacer fsb-flexible-spacer\"><div class=\"fsb-flexible-spacer__device fsb-flexible-spacer__device--lg\" style=\"height:100px\"><\/div><div class=\"fsb-flexible-spacer__device fsb-flexible-spacer__device--md\" style=\"height:100px\"><\/div><div class=\"fsb-flexible-spacer__device fsb-flexible-spacer__device--sm\" style=\"height:100px\"><\/div><\/div>\n<\/div>\n<\/div>\n\n\n\n<div aria-hidden=\"true\" class=\"wp-block-fsb-flexible-spacer fsb-flexible-spacer\"><div class=\"fsb-flexible-spacer__device fsb-flexible-spacer__device--lg\" style=\"height:100px\"><\/div><div class=\"fsb-flexible-spacer__device fsb-flexible-spacer__device--md\" style=\"height:80px\"><\/div><div class=\"fsb-flexible-spacer__device fsb-flexible-spacer__device--sm\" style=\"height:40px\"><\/div><\/div>\n\n\n\n<div class=\"wp-block-group is-layout-constrained wp-block-group-is-layout-constrained\">\n<h2 class=\"wp-block-heading\">FAQ<\/h2>\n\n\n<div class=\"vm-faq align wp-block-acf-vm-faq-block\" id=\"block_5e52e5fda743f51df1646035f41add4b\"><div class=\"vm-faq-item\"><a class=\"vm-faq-question\" href=\"#vm-faq-answer-1\" aria-expanded=\"false\" aria-controls=\"vm-faq-answer-1\"><h3 class=\"vm-faq-title\">Hur l\u00e5ng tid tar det innan jag f\u00e5r en \u00e5terkoppling?<\/h3><div class=\"vm-faq-icon\"><svg width=\"20\" height=\"20\" viewBox=\"0 0 24 24\" fill=\"none\" xmlns=\"http:\/\/www.w3.org\/2000\/svg\"><path id=\"faq-h\" d=\"M12 5V19\" stroke=\"black\" stroke-width=\"1.5\" stroke-linecap=\"round\" stroke-linejoin=\"round\"\/><path id=\"faq-w\" d=\"M5 12H19\" stroke=\"black\" stroke-width=\"1.5\" stroke-linecap=\"round\" stroke-linejoin=\"round\"\/><\/svg><\/div><\/a><div class=\"vm-faq-answer\" id=\"vm-faq-answer-1\"><p>Vi kontaktar er inom 24 timmar.<\/p>\n<\/div><\/div><\/div><\/div>\n\n\n\n<div aria-hidden=\"true\" class=\"wp-block-fsb-flexible-spacer fsb-flexible-spacer\"><div class=\"fsb-flexible-spacer__device fsb-flexible-spacer__device--lg\" style=\"height:40px\"><\/div><div class=\"fsb-flexible-spacer__device fsb-flexible-spacer__device--md\" style=\"height:40px\"><\/div><div class=\"fsb-flexible-spacer__device fsb-flexible-spacer__device--sm\" style=\"height:40px\"><\/div><\/div>\n","protected":false},"excerpt":{"rendered":"<p>Tack f\u00f6r att du kontaktar oss Vi kommer att kontakta dig inom kort. FAQ<\/p>\n","protected":false},"author":1,"featured_media":0,"parent":0,"menu_order":0,"comment_status":"closed","ping_status":"closed","template":"wp-custom-template-colored-header","meta":{"_acf_changed":false,"footnotes":""},"class_list":["post-3096","page","type-page","status-publish","hentry"],"acf":[],"_links":{"self":[{"href":"https:\/\/lenito.se\/en\/wp-json\/wp\/v2\/pages\/3096","targetHints":{"allow":["GET"]}}],"collection":[{"href":"https:\/\/lenito.se\/en\/wp-json\/wp\/v2\/pages"}],"about":[{"href":"https:\/\/lenito.se\/en\/wp-json\/wp\/v2\/types\/page"}],"author":[{"embeddable":true,"href":"https:\/\/lenito.se\/en\/wp-json\/wp\/v2\/users\/1"}],"replies":[{"embeddable":true,"href":"https:\/\/lenito.se\/en\/wp-json\/wp\/v2\/comments?post=3096"}],"version-history":[{"count":0,"href":"https:\/\/lenito.se\/en\/wp-json\/wp\/v2\/pages\/3096\/revisions"}],"wp:attachment":[{"href":"https:\/\/lenito.se\/en\/wp-json\/wp\/v2\/media?parent=3096"}],"curies":[{"name":"wp","href":"https:\/\/api.w.org\/{rel}","templated":true}]}}