{"id":3092,"date":"2022-11-08T17:08:31","date_gmt":"2022-11-08T17:08:31","guid":{"rendered":"https:\/\/lenito.se\/prova-securemail-basic\/"},"modified":"2023-01-25T10:02:15","modified_gmt":"2023-01-25T10:02:15","slug":"prova-securemail-basic","status":"publish","type":"page","link":"https:\/\/lenito.se\/en\/prova-securemail-basic\/","title":{"rendered":"Prova Securemail Basic"},"content":{"rendered":"\n<div class=\"wp-block-group alignfull has-light-blue-background-color has-background is-layout-flow wp-block-group-is-layout-flow\">\n<div class=\"wp-block-group form-book-group is-layout-constrained wp-block-group-is-layout-constrained\">\n<div aria-hidden=\"true\" class=\"wp-block-fsb-flexible-spacer fsb-flexible-spacer\"><div class=\"fsb-flexible-spacer__device fsb-flexible-spacer__device--lg\" style=\"height:80px\"><\/div><div class=\"fsb-flexible-spacer__device fsb-flexible-spacer__device--md\" style=\"height:50px\"><\/div><div class=\"fsb-flexible-spacer__device fsb-flexible-spacer__device--sm\" style=\"height:1px\"><\/div><\/div>\n\n\n\n<div class=\"wp-block-columns form-book-cols is-layout-flex wp-container-core-columns-is-layout-04fa3f86 wp-block-columns-is-layout-flex\">\n<div class=\"wp-block-column is-vertically-aligned-center is-layout-flow wp-container-core-column-is-layout-47e5a185 wp-block-column-is-layout-flow\" style=\"flex-basis:45%\">\n<h1 class=\"has-xxx-large-font-size wp-block-heading\" style=\"font-style:normal;font-weight:600;line-height:1.2\">Upplev kraften i Securemail i 30 dagar med v\u00e5r kostnadsfria testperiod.<\/h1>\n\n\n\n<div aria-hidden=\"true\" class=\"wp-block-fsb-flexible-spacer fsb-flexible-spacer\"><div class=\"fsb-flexible-spacer__device fsb-flexible-spacer__device--lg\" style=\"height:25px\"><\/div><div class=\"fsb-flexible-spacer__device fsb-flexible-spacer__device--md\" style=\"height:25px\"><\/div><div class=\"fsb-flexible-spacer__device fsb-flexible-spacer__device--sm\" style=\"height:25px\"><\/div><\/div>\n\n\n\n<p>\u00c4r ni oroliga f\u00f6r s\u00e4kerheten i er e-postkommunikation eller om ni beh\u00f6ver det f\u00f6r GDPR?<\/p>\n\n\n\n<div style=\"height:20px\" aria-hidden=\"true\" class=\"wp-block-spacer\"><\/div>\n\n\n\n<p>Prova Securemail och se vilken skillnad end-to-end-kryptering kan g\u00f6ra. Registrera dig f\u00f6r v\u00e5r 30-dagars gratisperiod och upplev hur enkelt det \u00e4r att skydda er e-post.<br><\/p>\n\n\n\n<div style=\"height:20px\" aria-hidden=\"true\" class=\"wp-block-spacer\"><\/div>\n\n\n\n<p>Kontakta oss i dag och b\u00f6rja skicka s\u00e4ker e-post redan imorgon.<\/p>\n\n\n\n<div aria-hidden=\"true\" class=\"wp-block-fsb-flexible-spacer fsb-flexible-spacer\"><div class=\"fsb-flexible-spacer__device fsb-flexible-spacer__device--lg\" style=\"height:40px\"><\/div><div class=\"fsb-flexible-spacer__device fsb-flexible-spacer__device--md\" style=\"height:40px\"><\/div><div class=\"fsb-flexible-spacer__device fsb-flexible-spacer__device--sm\" style=\"height:40px\"><\/div><\/div>\n<\/div>\n\n\n\n<div class=\"wp-block-column is-layout-flow wp-block-column-is-layout-flow\" style=\"flex-basis:45%\">\n<div class=\"wp-block-group form-box is-layout-flow wp-container-core-group-is-layout-47e5a185 wp-block-group-is-layout-flow\" style=\"border-radius:15px\">\n<div class=\"wp-block-group has-border-color has-white-border-color has-white-background-color has-background is-layout-flow wp-container-core-group-is-layout-a77db08e wp-block-group-is-layout-flow\" style=\"border-width:15px;border-radius:25px\"><div class=\"wpforms-container wpforms-container-full wpforms-block\" id=\"wpforms-2812\"><form id=\"wpforms-form-2812\" class=\"wpforms-validate wpforms-form wpforms-ajax-form\" data-formid=\"2812\" method=\"post\" enctype=\"multipart\/form-data\" action=\"\/en\/wp-json\/wp\/v2\/pages\/3092\" data-token=\"eaf3a6cd2b8f06a9a4a31a7478562a79\" data-token-time=\"1776704637\"><noscript class=\"wpforms-error-noscript\">Please enable JavaScript in your browser to complete this form.<\/noscript><div class=\"wpforms-field-container\"><div id=\"wpforms-2812-field_1-container\" class=\"wpforms-field wpforms-field-name\" data-field-id=\"1\"><label class=\"wpforms-field-label\" for=\"wpforms-2812-field_1\">Namn <span class=\"wpforms-required-label\">*<\/span><\/label><input type=\"text\" id=\"wpforms-2812-field_1\" class=\"wpforms-field-medium wpforms-field-required\" name=\"wpforms[fields][1]\" required><\/div><div id=\"wpforms-2812-field_3-container\" class=\"wpforms-field wpforms-field-name\" data-field-id=\"3\"><label class=\"wpforms-field-label\" for=\"wpforms-2812-field_3\">F\u00f6retagsnamn <span class=\"wpforms-required-label\">*<\/span><\/label><input type=\"text\" id=\"wpforms-2812-field_3\" class=\"wpforms-field-medium wpforms-field-required\" name=\"wpforms[fields][3]\" required><\/div><div id=\"wpforms-2812-field_7-container\" class=\"wpforms-field wpforms-field-text\" data-field-id=\"7\"><label class=\"wpforms-field-label\" for=\"wpforms-2812-field_7\">Roll i f\u00f6retaget<\/label><input type=\"text\" id=\"wpforms-2812-field_7\" class=\"wpforms-field-medium\" name=\"wpforms[fields][7]\" ><\/div><div id=\"wpforms-2812-field_2-container\" class=\"wpforms-field wpforms-field-email\" data-field-id=\"2\"><label class=\"wpforms-field-label\" for=\"wpforms-2812-field_2\">E-post <span class=\"wpforms-required-label\">*<\/span><\/label><input type=\"email\" id=\"wpforms-2812-field_2\" class=\"wpforms-field-medium wpforms-field-required\" name=\"wpforms[fields][2]\" spellcheck=\"false\" required><\/div><div id=\"wpforms-2812-field_5-container\" class=\"wpforms-field wpforms-field-number\" data-field-id=\"5\"><label class=\"wpforms-field-label\" for=\"wpforms-2812-field_5\">Telefonnummer<\/label><input type=\"number\" id=\"wpforms-2812-field_5\" class=\"wpforms-field-medium\" name=\"wpforms[fields][5]\" step=\"any\" ><\/div><div id=\"wpforms-2812-field_9-container\" class=\"wpforms-field wpforms-field-hidden\" data-field-id=\"9\"><input type=\"hidden\" id=\"wpforms-2812-field_9\" name=\"wpforms[fields][9]\" value=\"216.73.216.223\"><\/div><\/div><!-- .wpforms-field-container --><div class=\"wpforms-recaptcha-container wpforms-is-recaptcha wpforms-is-recaptcha-type-v2\" ><div class=\"g-recaptcha\" data-sitekey=\"6LehynIjAAAAAFyZrBjtMxZWp-ylVFWbTYoNY1vB\"><\/div><input type=\"text\" name=\"g-recaptcha-hidden\" class=\"wpforms-recaptcha-hidden\" style=\"position:absolute!important;clip:rect(0,0,0,0)!important;height:1px!important;width:1px!important;border:0!important;overflow:hidden!important;padding:0!important;margin:0!important;\" data-rule-recaptcha=\"1\"><\/div><div class=\"wpforms-submit-container\" ><input type=\"hidden\" name=\"wpforms[id]\" value=\"2812\"><input type=\"hidden\" name=\"page_title\" value=\"\"><input type=\"hidden\" name=\"page_url\" value=\"https:\/\/lenito.se\/en\/wp-json\/wp\/v2\/pages\/3092\"><input type=\"hidden\" name=\"url_referer\" value=\"\"><button type=\"submit\" name=\"wpforms[submit]\" id=\"wpforms-submit-2812\" class=\"wpforms-submit\" data-alt-text=\"S\u00e4nder...\" data-submit-text=\"Skicka\" aria-live=\"assertive\" value=\"wpforms-submit\">Skicka<\/button><img loading=\"lazy\" decoding=\"async\" src=\"https:\/\/lenito.se\/wp-content\/plugins\/wpforms\/assets\/images\/submit-spin.svg\" class=\"wpforms-submit-spinner\" style=\"display: none;\" width=\"26\" height=\"26\" alt=\"Loading\"><\/div><\/form><\/div>  <!-- .wpforms-container --><\/div>\n<\/div>\n<\/div>\n<\/div>\n\n\n\n<div class=\"wp-block-group is-layout-flow wp-container-core-group-is-layout-f1988915 wp-block-group-is-layout-flow\">\n<div aria-hidden=\"true\" class=\"wp-block-fsb-flexible-spacer fsb-flexible-spacer\"><div class=\"fsb-flexible-spacer__device fsb-flexible-spacer__device--lg\" style=\"height:110px\"><\/div><div class=\"fsb-flexible-spacer__device fsb-flexible-spacer__device--md\" style=\"height:70px\"><\/div><div class=\"fsb-flexible-spacer__device fsb-flexible-spacer__device--sm\" style=\"height:40px\"><\/div><\/div>\n\n\n\n<div class=\"wp-block-group is-layout-flow wp-block-group-is-layout-flow\">\n<h2 class=\"has-text-align-center wp-block-heading\" style=\"font-style:normal;font-weight:600\">Trusted by<\/h2>\n\n\n\n<div aria-hidden=\"true\" class=\"wp-block-fsb-flexible-spacer fsb-flexible-spacer\"><div class=\"fsb-flexible-spacer__device fsb-flexible-spacer__device--lg\" style=\"height:10px\"><\/div><div class=\"fsb-flexible-spacer__device fsb-flexible-spacer__device--md\" style=\"height:10px\"><\/div><div class=\"fsb-flexible-spacer__device fsb-flexible-spacer__device--sm\" style=\"height:10px\"><\/div><\/div>\n\n\n\n<div class=\"wp-block-group logo-row is-layout-flex wp-container-core-group-is-layout-55d5048b wp-block-group-is-layout-flex\">\n<figure class=\"wp-block-image size-full is-resized no-lightbox\"><a href=\"http:\/\/www.halsohuset.se\/\" target=\"_blank\" rel=\"noreferrer noopener nofollow\"><img loading=\"lazy\" decoding=\"async\" src=\"https:\/\/lenito.se\/wp-content\/uploads\/2022\/09\/logo-1-e1664187811499.png\" alt=\"\" class=\"wp-image-2321\" width=\"193\" height=\"102\" srcset=\"https:\/\/lenito.se\/wp-content\/uploads\/2022\/09\/logo-1-e1664187811499.png 386w, https:\/\/lenito.se\/wp-content\/uploads\/2022\/09\/logo-1-e1664187811499-300x159.png 300w\" sizes=\"auto, (max-width: 193px) 100vw, 193px\" \/><\/a><\/figure>\n\n\n\n<figure class=\"wp-block-image size-full is-resized no-lightbox\"><a href=\"http:\/\/www.patia.se\/\" target=\"_blank\" rel=\"noreferrer noopener nofollow\"><img loading=\"lazy\" decoding=\"async\" src=\"https:\/\/lenito.se\/wp-content\/uploads\/2022\/09\/patia_logo_rgb_800px.webp\" alt=\"\" class=\"wp-image-2324\" width=\"173\" height=\"84\" srcset=\"https:\/\/lenito.se\/wp-content\/uploads\/2022\/09\/patia_logo_rgb_800px.webp 346w, https:\/\/lenito.se\/wp-content\/uploads\/2022\/09\/patia_logo_rgb_800px-300x146.webp 300w\" sizes=\"auto, (max-width: 173px) 100vw, 173px\" \/><\/a><\/figure>\n\n\n\n<figure class=\"wp-block-image size-full is-resized no-lightbox\" style=\"mix-blend-mode: multiply\"><a href=\"http:\/\/www.apelgarden.com\/\" rel=\"noreferrer noopener nofollow\" target=\"_blank\"><img loading=\"lazy\" decoding=\"async\" src=\"https:\/\/lenito.se\/wp-content\/uploads\/2022\/09\/ApelgardensHVB-Logga-2.svg\" alt=\"\" class=\"wp-image-2322\" width=\"193\" height=\"123\"><\/a><\/figure>\n\n\n\n<figure class=\"wp-block-image size-full is-resized no-lightbox\"><a href=\"https:\/\/www.pkh.no\/\" target=\"_blank\" rel=\"noreferrer noopener nofollow\"><img loading=\"lazy\" decoding=\"async\" src=\"https:\/\/lenito.se\/wp-content\/uploads\/2022\/09\/NavbarLogo-1.png\" alt=\"\" class=\"wp-image-2323\" width=\"213\" height=\"37\" srcset=\"https:\/\/lenito.se\/wp-content\/uploads\/2022\/09\/NavbarLogo-1.png 425w, https:\/\/lenito.se\/wp-content\/uploads\/2022\/09\/NavbarLogo-1-300x52.png 300w\" sizes=\"auto, (max-width: 213px) 100vw, 213px\" \/><\/a><\/figure>\n<\/div>\n\n\n\n<div aria-hidden=\"true\" class=\"wp-block-fsb-flexible-spacer fsb-flexible-spacer\"><div class=\"fsb-flexible-spacer__device fsb-flexible-spacer__device--lg\" style=\"height:100px\"><\/div><div class=\"fsb-flexible-spacer__device fsb-flexible-spacer__device--md\" style=\"height:80px\"><\/div><div class=\"fsb-flexible-spacer__device fsb-flexible-spacer__device--sm\" style=\"height:60px\"><\/div><\/div>\n<\/div>\n\n\n\n<div aria-hidden=\"true\" class=\"wp-block-fsb-flexible-spacer fsb-flexible-spacer\"><div class=\"fsb-flexible-spacer__device fsb-flexible-spacer__device--lg\" style=\"margin-bottom:-80px\"><\/div><div class=\"fsb-flexible-spacer__device fsb-flexible-spacer__device--md\" style=\"margin-bottom:-80px\"><\/div><div class=\"fsb-flexible-spacer__device fsb-flexible-spacer__device--sm\" style=\"margin-bottom:-80px\"><\/div><\/div>\n<\/div>\n<\/div>\n<\/div>\n","protected":false},"excerpt":{"rendered":"<p>Upplev kraften i Securemail i 30 dagar med v\u00e5r kostnadsfria testperiod. \u00c4r ni oroliga f\u00f6r s\u00e4kerheten i er e-postkommunikation eller om ni beh\u00f6ver det f\u00f6r GDPR? Prova Securemail och se vilken skillnad end-to-end-kryptering kan g\u00f6ra. Registrera dig f\u00f6r v\u00e5r 30-dagars gratisperiod och upplev hur enkelt det \u00e4r att skydda er e-post. Kontakta oss i dag [&hellip;]<\/p>\n","protected":false},"author":5,"featured_media":0,"parent":0,"menu_order":0,"comment_status":"closed","ping_status":"closed","template":"wp-custom-template-colored-header","meta":{"_acf_changed":false,"footnotes":""},"class_list":["post-3092","page","type-page","status-publish","hentry"],"acf":[],"_links":{"self":[{"href":"https:\/\/lenito.se\/en\/wp-json\/wp\/v2\/pages\/3092","targetHints":{"allow":["GET"]}}],"collection":[{"href":"https:\/\/lenito.se\/en\/wp-json\/wp\/v2\/pages"}],"about":[{"href":"https:\/\/lenito.se\/en\/wp-json\/wp\/v2\/types\/page"}],"author":[{"embeddable":true,"href":"https:\/\/lenito.se\/en\/wp-json\/wp\/v2\/users\/5"}],"replies":[{"embeddable":true,"href":"https:\/\/lenito.se\/en\/wp-json\/wp\/v2\/comments?post=3092"}],"version-history":[{"count":0,"href":"https:\/\/lenito.se\/en\/wp-json\/wp\/v2\/pages\/3092\/revisions"}],"wp:attachment":[{"href":"https:\/\/lenito.se\/en\/wp-json\/wp\/v2\/media?parent=3092"}],"curies":[{"name":"wp","href":"https:\/\/api.w.org\/{rel}","templated":true}]}}